{"id":50,"date":"2022-10-04T15:32:48","date_gmt":"2022-10-04T15:32:48","guid":{"rendered":"https:\/\/abogadalaviniaalice.com\/?page_id=50"},"modified":"2022-10-24T15:35:23","modified_gmt":"2022-10-24T13:35:23","slug":"quienes-somos","status":"publish","type":"page","link":"https:\/\/abogadalaviniaalice.com\/ro\/quienes-somos\/","title":{"rendered":"CINE SUNTEM"},"content":{"rendered":"<div class=\"vc_row wpb_row vc_row-fluid\"><div class=\"wpb_column vc_column_container vc_col-sm-12\"><div class=\"vc_column-inner\"><div class=\"wpb_wrapper\"><div class=\"vc_empty_space\"   style=\"height: 32px\"><span class=\"vc_empty_space_inner\"><\/span><\/div><\/div><\/div><\/div><\/div><div data-vc-full-width=\"true\" data-vc-full-width-init=\"false\" data-vc-stretch-content=\"true\" class=\"vc_row wpb_row vc_row-fluid vc_row-no-padding vc_row-o-content-top vc_row-flex\"><div class=\"wpb_column vc_column_container vc_col-sm-12\"><div class=\"vc_column-inner\"><div class=\"wpb_wrapper\"><div class=\"row\"><div class=\"col-md-8 col-md-offset-2 col-xs-12\"><div class=\"section-title  text-center\"><h3><\/h3><h2>PREZENTAREA BIROULUI<\/h2><\/div><\/div><\/div><\/div><\/div><\/div><\/div><div class=\"vc_row-full-width vc_clearfix\"><\/div><div data-vc-full-width=\"true\" data-vc-full-width-init=\"false\" data-vc-stretch-content=\"true\" class=\"vc_row wpb_row vc_row-fluid vc_custom_1664894024278 vc_row-o-content-middle vc_row-flex\"><div class=\"wpb_column vc_column_container vc_col-sm-8\"><div class=\"vc_column-inner\"><div class=\"wpb_wrapper\">\n\t<div class=\"wpb_text_column wpb_content_element\" >\n\t\t<div class=\"wpb_wrapper\">\n\t\t\t<h5 style=\"text-align: justify;\" class=\" translation-block\">M\u0103 numesc Lavinia Alice Radu Mohanu, avocat titular al biroului de avocatur\u0103 individual multidisciplinar, cu sediul \u00een Sagunto \u0219i v\u0103 spun bun venit pe aceast\u0103 pagin\u0103 profesional\u0103, unde voi posta informa\u021bii actualizate, pe teme juridice diverse. <br>\nAm absolvit facultatea de Drept la UNED - Spania (promo\u021bia 2018) cu calific\u0103ri excelente. De asemenea, am absolvit Masterul de Avocatur\u0103 cu mai multe men\u021biuni onorifice. <br>\n\u00cenainte de a m\u0103 av\u00e2nta \u00een lumea Dreptului, \u00een anul 2012, mi-am \u00eenceput cariera ca \u0219i traduc\u0103tor juridic autorizat (Spaniola- Rom\u0203n\u0103), av\u00e2nd o vasta experien\u021ba \u00een lumea traducerii \u0219i a interpret\u0103rii.<br>\n \u00cen acest cabinet profesional oferim asisten\u021b\u0103 at\u00e2t \u00een Spaniola c\u00e2t \u0219i \u00een Rom\u00e2na, ceea ce este un plus pe care-l oferim cet\u0103\u021benilor de na\u021bionalitate rom\u00e2n\u0103, care vor putea discuta despre problemele juridice pe care le \u00eent\u00e2mpina, chiar \u00een limba lor natala. <br>\n\u00cempreuna cu dumneavoastr\u0103, dorim s\u0103 cre\u0219tem \u0219i s\u0103 oferim un serviciu de calitate, tuturor celor care decid s\u0103 ne \u00eencredin\u021beze problemele lor.<\/h5>\n\n\t\t<\/div>\n\t<\/div>\n<\/div><\/div><\/div><div class=\"wpb_column vc_column_container vc_col-sm-4\"><div class=\"vc_column-inner\"><div class=\"wpb_wrapper\"><div class=\"vc_empty_space\"   style=\"height: 10px\"><span class=\"vc_empty_space_inner\"><\/span><\/div>\n\t<div  class=\"wpb_single_image wpb_content_element vc_align_center\">\n\t\t\n\t\t<figure class=\"wpb_wrapper vc_figure\">\n\t\t\t<div class=\"vc_single_image-wrapper   vc_box_border_grey\"><img loading=\"lazy\" decoding=\"async\" width=\"295\" height=\"300\" src=\"https:\/\/abogadalaviniaalice.com\/wp-content\/uploads\/2022\/10\/alice-radu-avocat-295x300.jpg\" class=\"vc_single_image-img attachment-medium\" alt=\"\" srcset=\"https:\/\/abogadalaviniaalice.com\/wp-content\/uploads\/2022\/10\/alice-radu-avocat-295x300.jpg 295w, https:\/\/abogadalaviniaalice.com\/wp-content\/uploads\/2022\/10\/alice-radu-avocat-1008x1024.jpg 1008w, https:\/\/abogadalaviniaalice.com\/wp-content\/uploads\/2022\/10\/alice-radu-avocat-768x780.jpg 768w, https:\/\/abogadalaviniaalice.com\/wp-content\/uploads\/2022\/10\/alice-radu-avocat-1512x1536.jpg 1512w, https:\/\/abogadalaviniaalice.com\/wp-content\/uploads\/2022\/10\/alice-radu-avocat-12x12.jpg 12w, https:\/\/abogadalaviniaalice.com\/wp-content\/uploads\/2022\/10\/alice-radu-avocat.jpg 1984w\" sizes=\"auto, (max-width: 295px) 100vw, 295px\" \/><\/div>\n\t\t<\/figure>\n\t<\/div>\n<div class=\"vc_empty_space\"   style=\"height: 32px\"><span class=\"vc_empty_space_inner\"><\/span><\/div><\/div><\/div><\/div><\/div><div class=\"vc_row-full-width vc_clearfix\"><\/div><div class=\"vc_row wpb_row vc_row-fluid\"><div class=\"wpb_column vc_column_container vc_col-sm-12\"><div class=\"vc_column-inner\"><div class=\"wpb_wrapper\"><div class=\"vc_empty_space\"   style=\"height: 20px\"><span class=\"vc_empty_space_inner\"><\/span><\/div><\/div><\/div><\/div><\/div>","protected":false},"excerpt":{"rendered":"PRESENTACI\u00d3N DEL DESPACHO Soy Lavinia Alice Radu Mohanu, abogada titular del despacho individual multidisciplinar con sede en Sagunto y les doy la bienvenida a esta p\u00e1gina profesional en donde traeremos informaci\u00f3n actualizada sobre diversos temas jur\u00eddicos. Soy Graduada en Derecho por la UNED (promoci\u00f3n 2018) con excelente expediente acad\u00e9mico. Asimismo, cuento con diversas matr\u00edculas de [...]","protected":false},"author":1,"featured_media":454,"parent":0,"menu_order":0,"comment_status":"closed","ping_status":"closed","template":"","meta":{"footnotes":""},"class_list":["post-50","page","type-page","status-publish","has-post-thumbnail","hentry"],"yoast_head":"<!-- This site is optimized with the Yoast SEO plugin v19.13 - https:\/\/yoast.com\/wordpress\/plugins\/seo\/ -->\n<title>Abogado - Avocat Lavinia Alice Radu - Sagunto - Valencia<\/title>\n<meta name=\"description\" content=\"EXTRANJER\u00cdA | DERECHO ADMINISTRATIVO | DERECHO CIVIL | DERECHO LABORAL | DERECHO PENAL | TR\u00c1MITES para ciudadanos RUMANOS | 686 722 999\" \/>\n<meta name=\"robots\" content=\"index, follow, max-snippet:-1, max-image-preview:large, max-video-preview:-1\" \/>\n<link rel=\"canonical\" href=\"https:\/\/abogadalaviniaalice.com\/ro\/quienes-somos\/\" \/>\n<meta property=\"og:locale\" content=\"ro_RO\" \/>\n<meta property=\"og:type\" content=\"article\" \/>\n<meta property=\"og:title\" content=\"Abogado - Avocat Lavinia Alice Radu - Sagunto - Valencia\" \/>\n<meta property=\"og:description\" content=\"EXTRANJER\u00cdA | DERECHO ADMINISTRATIVO | DERECHO CIVIL | DERECHO LABORAL | DERECHO PENAL | TR\u00c1MITES para ciudadanos RUMANOS | 686 722 999\" \/>\n<meta property=\"og:url\" content=\"https:\/\/abogadalaviniaalice.com\/ro\/quienes-somos\/\" \/>\n<meta property=\"og:site_name\" content=\"Abogada - Avocat -Lavinia Alice Radu M\" \/>\n<meta property=\"article:modified_time\" content=\"2022-10-24T13:35:23+00:00\" \/>\n<meta property=\"og:image\" content=\"https:\/\/abogadalaviniaalice.com\/wp-content\/uploads\/2022\/10\/abogada-avocat-lavinia-alice-radu-sagunto-redes.jpg\" \/>\n\t<meta property=\"og:image:width\" content=\"1200\" \/>\n\t<meta property=\"og:image:height\" content=\"630\" \/>\n\t<meta property=\"og:image:type\" content=\"image\/jpeg\" \/>\n<meta name=\"twitter:card\" content=\"summary_large_image\" \/>\n<meta name=\"twitter:label1\" content=\"Timp estimat pentru citire\" \/>\n\t<meta name=\"twitter:data1\" content=\"1 minut\" \/>\n<script type=\"application\/ld+json\" class=\"yoast-schema-graph\">{\"@context\":\"https:\/\/schema.org\",\"@graph\":[{\"@type\":\"WebPage\",\"@id\":\"https:\/\/abogadalaviniaalice.com\/quienes-somos\/\",\"url\":\"https:\/\/abogadalaviniaalice.com\/quienes-somos\/\",\"name\":\"Abogado - Avocat Lavinia Alice Radu - Sagunto - Valencia\",\"isPartOf\":{\"@id\":\"https:\/\/abogadalaviniaalice.com\/#website\"},\"datePublished\":\"2022-10-04T15:32:48+00:00\",\"dateModified\":\"2022-10-24T13:35:23+00:00\",\"description\":\"EXTRANJER\u00cdA | DERECHO ADMINISTRATIVO | DERECHO CIVIL | DERECHO LABORAL | DERECHO PENAL | TR\u00c1MITES para ciudadanos RUMANOS | 686 722 999\",\"breadcrumb\":{\"@id\":\"https:\/\/abogadalaviniaalice.com\/quienes-somos\/#breadcrumb\"},\"inLanguage\":\"ro-RO\",\"potentialAction\":[{\"@type\":\"ReadAction\",\"target\":[\"https:\/\/abogadalaviniaalice.com\/quienes-somos\/\"]}]},{\"@type\":\"BreadcrumbList\",\"@id\":\"https:\/\/abogadalaviniaalice.com\/quienes-somos\/#breadcrumb\",\"itemListElement\":[{\"@type\":\"ListItem\",\"position\":1,\"name\":\"Portada\",\"item\":\"https:\/\/abogadalaviniaalice.com\/\"},{\"@type\":\"ListItem\",\"position\":2,\"name\":\"Quienes somos\"}]},{\"@type\":\"WebSite\",\"@id\":\"https:\/\/abogadalaviniaalice.com\/#website\",\"url\":\"https:\/\/abogadalaviniaalice.com\/\",\"name\":\"Abogada - Avocat -Lavinia Alice Radu M\",\"description\":\"\",\"potentialAction\":[{\"@type\":\"SearchAction\",\"target\":{\"@type\":\"EntryPoint\",\"urlTemplate\":\"https:\/\/abogadalaviniaalice.com\/?s={search_term_string}\"},\"query-input\":\"required name=search_term_string\"}],\"inLanguage\":\"ro-RO\"}]}<\/script>\n<!-- \/ Yoast SEO plugin. -->","yoast_head_json":{"title":"Abogado - Avocat Lavinia Alice Radu - Sagunto - Valencia","description":"EXTRANJER\u00cdA | DERECHO ADMINISTRATIVO | DERECHO CIVIL | DERECHO LABORAL | DERECHO PENAL | TR\u00c1MITES para ciudadanos RUMANOS | 686 722 999","robots":{"index":"index","follow":"follow","max-snippet":"max-snippet:-1","max-image-preview":"max-image-preview:large","max-video-preview":"max-video-preview:-1"},"canonical":"https:\/\/abogadalaviniaalice.com\/ro\/quienes-somos\/","og_locale":"ro_RO","og_type":"article","og_title":"Abogado - Avocat Lavinia Alice Radu - Sagunto - Valencia","og_description":"EXTRANJER\u00cdA | DERECHO ADMINISTRATIVO | DERECHO CIVIL | DERECHO LABORAL | DERECHO PENAL | TR\u00c1MITES para ciudadanos RUMANOS | 686 722 999","og_url":"https:\/\/abogadalaviniaalice.com\/ro\/quienes-somos\/","og_site_name":"Abogada - Avocat -Lavinia Alice Radu M","article_modified_time":"2022-10-24T13:35:23+00:00","og_image":[{"width":1200,"height":630,"url":"https:\/\/abogadalaviniaalice.com\/wp-content\/uploads\/2022\/10\/abogada-avocat-lavinia-alice-radu-sagunto-redes.jpg","type":"image\/jpeg"}],"twitter_card":"summary_large_image","twitter_misc":{"Timp estimat pentru citire":"1 minut"},"schema":{"@context":"https:\/\/schema.org","@graph":[{"@type":"WebPage","@id":"https:\/\/abogadalaviniaalice.com\/quienes-somos\/","url":"https:\/\/abogadalaviniaalice.com\/quienes-somos\/","name":"Abogado - Avocat Lavinia Alice Radu - Sagunto - Valencia","isPartOf":{"@id":"https:\/\/abogadalaviniaalice.com\/#website"},"datePublished":"2022-10-04T15:32:48+00:00","dateModified":"2022-10-24T13:35:23+00:00","description":"EXTRANJER\u00cdA | DERECHO ADMINISTRATIVO | DERECHO CIVIL | DERECHO LABORAL | DERECHO PENAL | TR\u00c1MITES para ciudadanos RUMANOS | 686 722 999","breadcrumb":{"@id":"https:\/\/abogadalaviniaalice.com\/quienes-somos\/#breadcrumb"},"inLanguage":"ro-RO","potentialAction":[{"@type":"ReadAction","target":["https:\/\/abogadalaviniaalice.com\/quienes-somos\/"]}]},{"@type":"BreadcrumbList","@id":"https:\/\/abogadalaviniaalice.com\/quienes-somos\/#breadcrumb","itemListElement":[{"@type":"ListItem","position":1,"name":"Portada","item":"https:\/\/abogadalaviniaalice.com\/"},{"@type":"ListItem","position":2,"name":"Quienes somos"}]},{"@type":"WebSite","@id":"https:\/\/abogadalaviniaalice.com\/#website","url":"https:\/\/abogadalaviniaalice.com\/","name":"Abogada - Avocat -Lavinia Alice Radu M","description":"","potentialAction":[{"@type":"SearchAction","target":{"@type":"EntryPoint","urlTemplate":"https:\/\/abogadalaviniaalice.com\/?s={search_term_string}"},"query-input":"required name=search_term_string"}],"inLanguage":"ro-RO"}]}},"_links":{"self":[{"href":"https:\/\/abogadalaviniaalice.com\/ro\/wp-json\/wp\/v2\/pages\/50","targetHints":{"allow":["GET"]}}],"collection":[{"href":"https:\/\/abogadalaviniaalice.com\/ro\/wp-json\/wp\/v2\/pages"}],"about":[{"href":"https:\/\/abogadalaviniaalice.com\/ro\/wp-json\/wp\/v2\/types\/page"}],"author":[{"embeddable":true,"href":"https:\/\/abogadalaviniaalice.com\/ro\/wp-json\/wp\/v2\/users\/1"}],"replies":[{"embeddable":true,"href":"https:\/\/abogadalaviniaalice.com\/ro\/wp-json\/wp\/v2\/comments?post=50"}],"version-history":[{"count":4,"href":"https:\/\/abogadalaviniaalice.com\/ro\/wp-json\/wp\/v2\/pages\/50\/revisions"}],"predecessor-version":[{"id":449,"href":"https:\/\/abogadalaviniaalice.com\/ro\/wp-json\/wp\/v2\/pages\/50\/revisions\/449"}],"wp:featuredmedia":[{"embeddable":true,"href":"https:\/\/abogadalaviniaalice.com\/ro\/wp-json\/wp\/v2\/media\/454"}],"wp:attachment":[{"href":"https:\/\/abogadalaviniaalice.com\/ro\/wp-json\/wp\/v2\/media?parent=50"}],"curies":[{"name":"wp","href":"https:\/\/api.w.org\/{rel}","templated":true}]}}