{"id":396,"date":"2022-10-09T08:28:07","date_gmt":"2022-10-09T08:28:07","guid":{"rendered":"https:\/\/abogadalaviniaalice.com\/?page_id=396"},"modified":"2022-10-19T14:52:52","modified_gmt":"2022-10-19T14:52:52","slug":"aviso-legal-alice-radu","status":"publish","type":"page","link":"https:\/\/abogadalaviniaalice.com\/ro\/aviso-legal-alice-radu\/","title":{"rendered":"Aviso Legal"},"content":{"rendered":"<div class=\"vc_row wpb_row vc_row-fluid\"><div class=\"wpb_column vc_column_container vc_col-sm-12\"><div class=\"vc_column-inner\"><div class=\"wpb_wrapper\">\n\t<div class=\"wpb_text_column wpb_content_element\" >\n\t\t<div class=\"wpb_wrapper\">\n\t\t\t<h4 style=\"text-align: justify;\"><b>1. Datos de la empresa<\/b><\/h4>\n<h4 style=\"text-align: justify;\">www.abogadalaviniaalice.com es un producto de LAVINIA ALICE RADU MOHANU. En cumplimiento del art\u00edculo 10 de la Ley 34\/2002, de 11 de julio, de Servicios de la Sociedad de la Informaci\u00f3n y Comercio Electr\u00f3nico (LSSI), a continuaci\u00f3n se exponen los datos identificativos del responsable del presente sitio web: Nombre del sitio web: www.abogadalaviniaalice.com [Denominaci\u00f3n social\/Nombre]: LAVINIA ALICE RADU MOHANU NIF: 44116731V [Domicilio social\/Domicilio]: URB. LA PINADA II BUZ\u00d3N 18 SAGUNTO (46500) VALENCIA Correo electr\u00f3nico de contacto: ALICER84@YAHOO.COM N\u00ba de tel\u00e9fono: 686722999 Datos de Inscripci\u00f3n en el Registro Mercantil: Sociedad inscrita en el Registro Mercantil de &#8230; en el tomo &#8230; , folio &#8230;, hoja &#8230;, inscripci\u00f3n &#8230;1<\/h4>\n<h4 style=\"text-align: justify;\"><b>2. Objeto<\/b><\/h4>\n<h4 style=\"text-align: justify;\">Este aviso legal tiene por objeto establecer las condiciones generales que regulan el acceso y uso general del presente sitio web por parte de todos los usuarios, de manera que el acceso y el uso del mismo implica necesariamente el sometimiento y aceptaci\u00f3n de las condiciones generales incluidas en este Aviso Legal. Por este motivo, LAVINIA ALICE RADU MOHANU recomienda que el usuario las lea detenidamente cada vez que quiera entrar y hacer uso de la citada p\u00e1gina web, ya que \u00e9stas pueden sufrir alg\u00fan cambio. En este sentido, LAVINIA ALICE RADU MOHANU se reserva la facultad de realizar, en cualquier momento y sin necesidad de previo aviso alguno, cualquier modificaci\u00f3n o actualizaci\u00f3n de los contenidos y servicios, de las presentes condiciones generales de acceso y uso y, en general, de cuantos elementos integren el dise\u00f1o y configuraci\u00f3n del presente sitio web.<\/h4>\n<h4 style=\"text-align: justify;\"><b>3. Uso<\/b><\/h4>\n<h4 style=\"text-align: justify;\">En el caso de que el usuario proceda a su registro para la contrataci\u00f3n o adquisici\u00f3n de un servicio ofrecido en el presente sitio web, el usuario ser\u00e1 responsable de aportar informaci\u00f3n veraz y l\u00edcita. Si como consecuencia del registro, se dotara al usuario de una contrase\u00f1a, \u00e9ste se compromete a hacer un uso diligente y a mantener en secreto la contrase\u00f1a para acceder a estos servicios. En consecuencia, los usuarios son responsables de la adecuada custodia y confidencialidad de cualesquiera identificadores y\/o contrase\u00f1as que, en su caso, le sean suministradas por LAVINIA ALICE RADU MOHANU y se comprometen a no ceder su uso a terceros, ya sea temporal o permanente, ni a permitir su acceso a personas ajenas. Ser\u00e1 responsabilidad del usuario la utilizaci\u00f3n il\u00edcita de los servicios por cualquier tercero ileg\u00edtimo que emplee a tal efecto una contrase\u00f1a a causa de una utilizaci\u00f3n no diligente o de la p\u00e9rdida de la misma por el usuario. En virtud de lo anterior, es obligaci\u00f3n del usuario notificar de forma inmediata a la direcci\u00f3n de contacto de LAVINIA ALICE RADU MOHANU acerca de cualquier hecho que permita el uso indebido de los identificadores y\/o contrase\u00f1as, tales como el robo, extrav\u00edo, o el acceso no autorizado a los mismos, con el fin de proceder a su inmediata cancelaci\u00f3n. Mientras no se comuniquen tales hechos, LAVINIA ALICE RADU MOHANU quedar\u00e1 eximida de cualquier responsabilidad que pudiera derivarse del uso indebido de los identificadores o contrase\u00f1as por terceros no autorizados. La utilizaci\u00f3n del presente sitio web por cualquier persona atribuye la condici\u00f3n de usuario de la misma, el cual acepta que el citado uso es bajo su exclusiva responsabilidad, por lo que el usuario se compromete a observar diligente y fielmente cualquier instrucci\u00f3n adicional impartida por LAVINIA ALICE RADU MOHANU o por personal autorizado de LAVINIA ALICE RADU MOHANU relativa al uso del presente sitio web y de sus contenidos. El usuario se compromete a no utilizar la informaci\u00f3n, actividades, productos o servicios que LAVINIA ALICE RADU MOHANU pone a su disposici\u00f3n para desarrollar actividades contrarias a las leyes, a la moral o al orden p\u00fablico y, en general, a hacer un uso conforme a las presentes condiciones generales. Por tanto, el usuario se obliga a usar los contenidos de forma diligente, correcta y l\u00edcita y, en particular, se compromete a abstenerse de:<\/h4>\n<h4 style=\"text-align: justify;\">i)Utilizar los contenidos con fines o efectos contrarios a la ley, a la moral y a las buenas costumbres generalmente aceptadas o al orden p\u00fablico.<\/h4>\n<h4 style=\"text-align: justify;\">ii) Reproducir o copiar, distribuir, permitir el acceso del p\u00fablico a trav\u00e9s de cualquier modalidad de comunicaci\u00f3n p\u00fablica, transformar o modificar los contenidos, a menos que se cuente con la autorizaci\u00f3n del titular de los correspondientes derechos o ello resulte legalmente permitido.<\/h4>\n<h4 style=\"text-align: justify;\">iii) Emplear los contenidos y, en particular, la informaci\u00f3n de cualquier clase obtenida a trav\u00e9s de la p\u00e1gina o de los servicios para remitir publicidad, comunicaciones con fines de venta directa o con cualquier otra clase de finalidad comercial, mensajes no solicitados dirigidos a una pluralidad de personas con independencia de su finalidad, as\u00ed como a abstenerse de comercializar o divulgar de cualquier modo dicha informaci\u00f3n.<\/h4>\n<h4 style=\"text-align: justify;\">En cualquier caso, LAVINIA ALICE RADU MOHANU no se responsabiliza de los da\u00f1os y perjuicios que puedan sufrir los equipos inform\u00e1ticos del usuario porque \u00e9ste haya accedido al portal o lo haya utilizado de forma indebida o negligente.<\/h4>\n<h4 style=\"text-align: justify;\"><b>4. Propiedad Intelectual<\/b><\/h4>\n<h4 style=\"text-align: justify;\">Todos los contenidos de la p\u00e1gina web, entendiendo por estos a t\u00edtulo meramente enunciativo los textos, im\u00e1genes, gr\u00e1ficos, im\u00e1genes, iconos, tecnolog\u00eda, software, enlaces y dem\u00e1s contenidos audiovisuales o sonoros, as\u00ed como su dise\u00f1o gr\u00e1fico y c\u00f3digos fuente (en adelante, \u201clos CONTENIDOS\u201d), son propiedad intelectual e industrial de LAVINIA ALICE RADU MOHANU o en su caso, de terceros. Del mismo modo, las marcas, nombres comerciales o signos distintivos son titularidad exclusiva de [nombre de la empresa] o, en su caso, de terceros. Queda prohibida la reproducci\u00f3n, transformaci\u00f3n, distribuci\u00f3n, comunicaci\u00f3n p\u00fablica, puesta a disposici\u00f3n interactiva, extracci\u00f3n, reutilizaci\u00f3n, reenv\u00edo o la utilizaci\u00f3n de cualquier naturaleza, por cualquier medio o procedimiento, de cualquiera de los CONTENIDOS, salvo en los casos en que est\u00e9 legalmente permitido o sea autorizado expresamente y por escrito por el titular de los correspondientes derechos. LAVINIA ALICE RADU MOHANU se reserva el uso de acciones judiciales civiles y\/o penales contra aquellas personas f\u00edsicas o jur\u00eddicas y sus representantes que violen cualquiera de los citados derechos de propiedad industrial e intelectual. LAVINIA ALICE RADU MOHANU se compromete a cumplir las condiciones mencionadas anteriormente para garantizar el uso correcto del contenido del sitio web, ejerciendo cualquier acci\u00f3n civil o penal necesaria en el caso de infracci\u00f3n o incumplimiento de estos derechos por parte del usuario.<\/h4>\n<h4 style=\"text-align: justify;\"><b>5. Enlaces al presente portal<\/b><\/h4>\n<h4 style=\"text-align: justify;\">El usuario que quiera introducir un enlace desde su propia p\u00e1gina web al presente portal deber\u00e1 estar previamente autorizado y por escrito por parte de LAVINIA ALICE RADU MOHANU<\/h4>\n<h4 style=\"text-align: justify;\"><b>6. Responsabilidades y garant\u00edas<\/b><\/h4>\n<h4 style=\"text-align: justify;\">LAVINIA ALICE RADU MOHANU no garantiza la licitud, fiabilidad, utilidad, veracidad o exactitud de los servicios o de la informaci\u00f3n que se presten a trav\u00e9s del presente sitio web. En consecuencia, LAVINIA ALICE RADU MOHANU no garantiza ni se hace responsable de:<\/h4>\n<h4 style=\"text-align: justify;\">(i)La continuidad de los contenidos del presente sitio web.<\/h4>\n<h4 style=\"text-align: justify;\">(ii) La ausencia de errores en dichos contenidos ni la correcci\u00f3n de cualquier defecto que pudiera ocurrir.<\/h4>\n<h4 style=\"text-align: justify;\">(iii) La ausencia de virus y\/o dem\u00e1s componentes da\u00f1inos en el presente sitio web o en el servidor que lo alberga.<\/h4>\n<h4 style=\"text-align: justify;\">(iv) La invulnerabilidad del presente sitio web y\/o la inexpugnabilidad de las medidas de seguridad que se adopten en el mismo.<\/h4>\n<h4 style=\"text-align: justify;\">(v) La falta de utilidad o rendimiento de los contenidos del presente sitio web.<\/h4>\n<h4 style=\"text-align: justify;\">(vi) Los da\u00f1os o perjuicios que cause, a s\u00ed mismo o a un tercero, cualquier persona que infringiera las condiciones, normas e instrucciones LAVINIA ALICE RADU MOHANU establece en el presente sitio web o a trav\u00e9s de la vulneraci\u00f3n de los sistemas de seguridad de LAVINIA ALICE RADU MOHANU.<\/h4>\n<h4 style=\"text-align: justify;\">No obstante, LAVINIA ALICE RADU MOHANU declara que ha adoptado todas las medidas necesarias, dentro de sus posibilidades y del estado de la tecnolog\u00eda, para garantizar el funcionamiento del presente sitio web y evitar la existencia y transmisi\u00f3n de virus y dem\u00e1s componentes da\u00f1inos a los usuarios. En cualquier caso, LAVINIA ALICE RADU MOHANU no se responsabiliza de los da\u00f1os y perjuicios que puedan sufrir los equipos inform\u00e1ticos del usuario porque \u00e9ste haya accedido al portal o la haya utilizado de forma indebida o negligente.<\/h4>\n<h4 style=\"text-align: justify;\"><b>7. Legislaci\u00f3n y jurisdicci\u00f3n aplicable<\/b><\/h4>\n<h4 style=\"text-align: justify;\">Las relaciones establecidas entre LAVINIA ALICE RADU MOHANU y el usuario se regir\u00e1n por lo dispuesto en la normativa vigente acerca de la legislaci\u00f3n aplicable y la jurisdicci\u00f3n competente. La ley espa\u00f1ola ser\u00e1 la \u00fanica aplicable. Para los casos en los que la normativa prevea la posibilidad a las partes de someterse expresamente a un fuero, LAVINIA ALICE RADU MOHANU y el usuario, con renuncia expresa a cualquier otro fuero que pudiera corresponderles, se someten a los juzgados y tribunales de la ciudad de VALENCIA.<b> <\/b><\/h4>\n<h4 style=\"text-align: justify;\"><b>Copyright \u00a9 LAVINIA ALICE RADU MOHANU. Todos los derechos reservados. 2021 <\/b><\/h4>\n<h6 style=\"text-align: justify;\"><span style=\"font-size: small;\">1 S\u00f3lo aplicable si es una sociedad mercantil inscrita en el Registro Mercantil. En el supuesto de ser otra entidad que para adquirir personalidad jur\u00eddica deba inscribirse en otro registro (por ejemplo, asociaciones o fundaciones), indicar los datos de inscripci\u00f3n en el registro correspondiente.<\/span><\/h6>\n\n\t\t<\/div>\n\t<\/div>\n<\/div><\/div><\/div><\/div>","protected":false},"excerpt":{"rendered":"1. Datos de la empresa www.abogadalaviniaalice.com es un producto de LAVINIA ALICE RADU MOHANU. En cumplimiento del art\u00edculo 10 de la Ley 34\/2002, de 11 de julio, de Servicios de la Sociedad de la Informaci\u00f3n y Comercio Electr\u00f3nico (LSSI), a continuaci\u00f3n se exponen los datos identificativos del responsable del presente sitio web: Nombre del sitio [...]","protected":false},"author":1,"featured_media":0,"parent":0,"menu_order":0,"comment_status":"closed","ping_status":"closed","template":"","meta":{"footnotes":""},"class_list":["post-396","page","type-page","status-publish","hentry"],"yoast_head":"<!-- This site is optimized with the Yoast SEO plugin v19.13 - https:\/\/yoast.com\/wordpress\/plugins\/seo\/ -->\n<title>Aviso Legal - Abogada - Avocat -Lavinia Alice Radu M<\/title>\n<meta name=\"robots\" content=\"index, follow, max-snippet:-1, max-image-preview:large, max-video-preview:-1\" \/>\n<link rel=\"canonical\" href=\"https:\/\/abogadalaviniaalice.com\/ro\/aviso-legal-alice-radu\/\" \/>\n<meta property=\"og:locale\" content=\"ro_RO\" \/>\n<meta property=\"og:type\" content=\"article\" \/>\n<meta property=\"og:title\" content=\"Aviso Legal - Abogada - Avocat -Lavinia Alice Radu M\" \/>\n<meta property=\"og:url\" content=\"https:\/\/abogadalaviniaalice.com\/ro\/aviso-legal-alice-radu\/\" \/>\n<meta property=\"og:site_name\" content=\"Abogada - Avocat -Lavinia Alice Radu M\" \/>\n<meta property=\"article:modified_time\" content=\"2022-10-19T14:52:52+00:00\" \/>\n<meta name=\"twitter:card\" content=\"summary_large_image\" \/>\n<meta name=\"twitter:label1\" content=\"Timp estimat pentru citire\" \/>\n\t<meta name=\"twitter:data1\" content=\"7 minute\" \/>\n<script type=\"application\/ld+json\" class=\"yoast-schema-graph\">{\"@context\":\"https:\/\/schema.org\",\"@graph\":[{\"@type\":\"WebPage\",\"@id\":\"https:\/\/abogadalaviniaalice.com\/aviso-legal-alice-radu\/\",\"url\":\"https:\/\/abogadalaviniaalice.com\/aviso-legal-alice-radu\/\",\"name\":\"Aviso Legal - Abogada - Avocat -Lavinia Alice Radu M\",\"isPartOf\":{\"@id\":\"https:\/\/abogadalaviniaalice.com\/#website\"},\"datePublished\":\"2022-10-09T08:28:07+00:00\",\"dateModified\":\"2022-10-19T14:52:52+00:00\",\"breadcrumb\":{\"@id\":\"https:\/\/abogadalaviniaalice.com\/aviso-legal-alice-radu\/#breadcrumb\"},\"inLanguage\":\"ro-RO\",\"potentialAction\":[{\"@type\":\"ReadAction\",\"target\":[\"https:\/\/abogadalaviniaalice.com\/aviso-legal-alice-radu\/\"]}]},{\"@type\":\"BreadcrumbList\",\"@id\":\"https:\/\/abogadalaviniaalice.com\/aviso-legal-alice-radu\/#breadcrumb\",\"itemListElement\":[{\"@type\":\"ListItem\",\"position\":1,\"name\":\"Portada\",\"item\":\"https:\/\/abogadalaviniaalice.com\/\"},{\"@type\":\"ListItem\",\"position\":2,\"name\":\"Aviso Legal\"}]},{\"@type\":\"WebSite\",\"@id\":\"https:\/\/abogadalaviniaalice.com\/#website\",\"url\":\"https:\/\/abogadalaviniaalice.com\/\",\"name\":\"Abogada - Avocat -Lavinia Alice Radu M\",\"description\":\"\",\"potentialAction\":[{\"@type\":\"SearchAction\",\"target\":{\"@type\":\"EntryPoint\",\"urlTemplate\":\"https:\/\/abogadalaviniaalice.com\/?s={search_term_string}\"},\"query-input\":\"required name=search_term_string\"}],\"inLanguage\":\"ro-RO\"}]}<\/script>\n<!-- \/ Yoast SEO plugin. -->","yoast_head_json":{"title":"Aviso Legal - Abogada - Avocat -Lavinia Alice Radu M","robots":{"index":"index","follow":"follow","max-snippet":"max-snippet:-1","max-image-preview":"max-image-preview:large","max-video-preview":"max-video-preview:-1"},"canonical":"https:\/\/abogadalaviniaalice.com\/ro\/aviso-legal-alice-radu\/","og_locale":"ro_RO","og_type":"article","og_title":"Aviso Legal - Abogada - Avocat -Lavinia Alice Radu M","og_url":"https:\/\/abogadalaviniaalice.com\/ro\/aviso-legal-alice-radu\/","og_site_name":"Abogada - Avocat -Lavinia Alice Radu M","article_modified_time":"2022-10-19T14:52:52+00:00","twitter_card":"summary_large_image","twitter_misc":{"Timp estimat pentru citire":"7 minute"},"schema":{"@context":"https:\/\/schema.org","@graph":[{"@type":"WebPage","@id":"https:\/\/abogadalaviniaalice.com\/aviso-legal-alice-radu\/","url":"https:\/\/abogadalaviniaalice.com\/aviso-legal-alice-radu\/","name":"Aviso Legal - Abogada - Avocat -Lavinia Alice Radu M","isPartOf":{"@id":"https:\/\/abogadalaviniaalice.com\/#website"},"datePublished":"2022-10-09T08:28:07+00:00","dateModified":"2022-10-19T14:52:52+00:00","breadcrumb":{"@id":"https:\/\/abogadalaviniaalice.com\/aviso-legal-alice-radu\/#breadcrumb"},"inLanguage":"ro-RO","potentialAction":[{"@type":"ReadAction","target":["https:\/\/abogadalaviniaalice.com\/aviso-legal-alice-radu\/"]}]},{"@type":"BreadcrumbList","@id":"https:\/\/abogadalaviniaalice.com\/aviso-legal-alice-radu\/#breadcrumb","itemListElement":[{"@type":"ListItem","position":1,"name":"Portada","item":"https:\/\/abogadalaviniaalice.com\/"},{"@type":"ListItem","position":2,"name":"Aviso Legal"}]},{"@type":"WebSite","@id":"https:\/\/abogadalaviniaalice.com\/#website","url":"https:\/\/abogadalaviniaalice.com\/","name":"Abogada - Avocat -Lavinia Alice Radu M","description":"","potentialAction":[{"@type":"SearchAction","target":{"@type":"EntryPoint","urlTemplate":"https:\/\/abogadalaviniaalice.com\/?s={search_term_string}"},"query-input":"required name=search_term_string"}],"inLanguage":"ro-RO"}]}},"_links":{"self":[{"href":"https:\/\/abogadalaviniaalice.com\/ro\/wp-json\/wp\/v2\/pages\/396","targetHints":{"allow":["GET"]}}],"collection":[{"href":"https:\/\/abogadalaviniaalice.com\/ro\/wp-json\/wp\/v2\/pages"}],"about":[{"href":"https:\/\/abogadalaviniaalice.com\/ro\/wp-json\/wp\/v2\/types\/page"}],"author":[{"embeddable":true,"href":"https:\/\/abogadalaviniaalice.com\/ro\/wp-json\/wp\/v2\/users\/1"}],"replies":[{"embeddable":true,"href":"https:\/\/abogadalaviniaalice.com\/ro\/wp-json\/wp\/v2\/comments?post=396"}],"version-history":[{"count":4,"href":"https:\/\/abogadalaviniaalice.com\/ro\/wp-json\/wp\/v2\/pages\/396\/revisions"}],"predecessor-version":[{"id":400,"href":"https:\/\/abogadalaviniaalice.com\/ro\/wp-json\/wp\/v2\/pages\/396\/revisions\/400"}],"wp:attachment":[{"href":"https:\/\/abogadalaviniaalice.com\/ro\/wp-json\/wp\/v2\/media?parent=396"}],"curies":[{"name":"wp","href":"https:\/\/api.w.org\/{rel}","templated":true}]}}