{"id":391,"date":"2022-10-09T08:00:54","date_gmt":"2022-10-09T08:00:54","guid":{"rendered":"https:\/\/abogadalaviniaalice.com\/?page_id=391"},"modified":"2022-10-19T14:56:59","modified_gmt":"2022-10-19T14:56:59","slug":"politica-de-privacidad-alice-radu","status":"publish","type":"page","link":"https:\/\/abogadalaviniaalice.com\/ro\/politica-de-privacidad-alice-radu\/","title":{"rendered":"Politica de privacidad"},"content":{"rendered":"<div class=\"vc_row wpb_row vc_row-fluid\"><div class=\"wpb_column vc_column_container vc_col-sm-12\"><div class=\"vc_column-inner\"><div class=\"wpb_wrapper\">\n\t<div class=\"wpb_text_column wpb_content_element\" >\n\t\t<div class=\"wpb_wrapper\">\n\t\t\t<h4 style=\"text-align: justify;\">A trav\u00e9s del presente aviso, se informa que los datos personales que se proporcionen a trav\u00e9s de esta web ser\u00e1n tratados por LAVINIA ALICE RADU MOHANU, CIF\/NIF 44116731V, DOMICILIO en SAGUNTO (46500) URB. LA PINADA II BUZ\u00d3N 18, TELEFONO 686.722.999, CORREO ELECTR\u00d3NICO ALICER84@YAHOO.COM (en adelante, el Prestador del Servicio).<br \/>\nLa finalidad del tratamiento de los datos que nos faciliten los usuarios es exclusivamente la de cursar su petici\u00f3n o consulta que realicen a trav\u00e9s del presente sitio Web y, en su caso, si los usuarios expresamente lo consienten mediante la marcaci\u00f3n de la casilla correspondiente a pie del formulario de recogida de datos, remitirles informaci\u00f3n sobre las actividades del Prestador del Servicio que puedan resultar de su inter\u00e9s, por cualquier medio, incluidos medios electr\u00f3nicos. El consentimiento prestado, que constituye la base jur\u00eddica que legitima el tratamiento de los datos, es revocable en cualquier momento sin que ello afecte a la licitud del tratamiento basado en el consentimiento previo a su<br \/>\nretirada.<br \/>\nSalvo que espec\u00edficamente se establezca lo contrario, se considerar\u00e1 necesario completar todos los datos requeridos en el formulario de datos. En el caso de no suministrar todos los datos estimados como necesarios, el Prestador del Servicio podr\u00e1, dependiendo del caso, no cursar la concreta solicitud que se efect\u00fae. Los datos facilitados se conservar\u00e1n hasta que el momento en que los usuarios decidan revocar su consentimiento al tratamiento.<br \/>\nLos usuarios deber\u00e1n rellenar los formularios con datos verdaderos, exactos, completos y actualizados, respondiendo de los da\u00f1os y perjuicios que pudiera ocasionar a causa de la cumplimentaci\u00f3n defectuosa de los formularios con datos falsos, inexactos, incompletos o no actualizados.<br \/>\nEl Prestador del Servicio ha adoptado los niveles de seguridad de protecci\u00f3n de los datos personales exigidos en la legislaci\u00f3n vigente de protecci\u00f3n de datos, instalando las medidas t\u00e9cnicas y organizativas necesarias para evitar la p\u00e9rdida, mal uso, alteraci\u00f3n, acceso no autorizado y dem\u00e1s riesgos posibles.<br \/>\nIgualmente, el Prestador del Servicio se compromete al cumplimiento de su obligaci\u00f3n de secreto de los datos personales y de su deber de guardarlos y adoptar\u00e1 todas las medidas necesarias para evitar su alteraci\u00f3n, p\u00e9rdida, tratamiento o acceso no autorizado, habida cuenta en todo momento del estado de la tecnolog\u00eda.<br \/>\nEl titular de los datos tiene derecho a solicitar el acceso a ellos, su rectificaci\u00f3n o supresi\u00f3n, as\u00ed como a la limitaci\u00f3n de su tratamiento, a oponerse al mismo y a la portabilidad de sus datos, en los casos previstos en el Reglamento General de Protecci\u00f3n de Datos, dirigiendo una comunicaci\u00f3n escrita a LAVINIA ALICE RADU MOHANU, en la siguiente direcci\u00f3n postal URB. LA PINADA II BUZ\u00d3N 18 \u2013 SAGUNTO (46500) y\/o electr\u00f3nica ALICER84@YAHOO.COM en la que se acredite la identidad del usuario.<\/h4>\n<h4 style=\"text-align: justify;\">En caso de que el Prestador del Servicio prestara alg\u00fan tipo de servicio especial en el que determine unas previsiones espec\u00edficas diferentes a \u00e9stas, en lo relativo a la<br \/>\nprotecci\u00f3n de datos, tendr\u00e1 primac\u00eda la aplicaci\u00f3n de las normas particulares indicadas para ese servicio en particular por encima de las presentes, en caso de discrepancias.<br \/>\nEl Prestador del Servicio se reserva el derecho a modificar la presente pol\u00edtica, informando previamente a los usuarios de los cambios que en ella se introduzcan.<br \/>\nLos usuarios tienen derecho a presentar una reclamaci\u00f3n ante la Agencia Espa\u00f1ola de Protecci\u00f3n de Datos si estiman que sus derechos de protecci\u00f3n de datos han sido vulnerados.<\/h4>\n\n\t\t<\/div>\n\t<\/div>\n<\/div><\/div><\/div><\/div>","protected":false},"excerpt":{"rendered":"A trav\u00e9s del presente aviso, se informa que los datos personales que se proporcionen a trav\u00e9s de esta web ser\u00e1n tratados por LAVINIA ALICE RADU MOHANU, CIF\/NIF 44116731V, DOMICILIO en SAGUNTO (46500) URB. LA PINADA II BUZ\u00d3N 18, TELEFONO 686.722.999, CORREO ELECTR\u00d3NICO ALICER84@YAHOO.COM (en adelante, el Prestador del Servicio). La finalidad del tratamiento de los [...]","protected":false},"author":1,"featured_media":0,"parent":0,"menu_order":0,"comment_status":"closed","ping_status":"closed","template":"","meta":{"footnotes":""},"class_list":["post-391","page","type-page","status-publish","hentry"],"yoast_head":"<!-- This site is optimized with the Yoast SEO plugin v19.13 - https:\/\/yoast.com\/wordpress\/plugins\/seo\/ -->\n<title>Politica de privacidad - Abogada - Avocat -Lavinia Alice Radu M<\/title>\n<meta name=\"robots\" content=\"index, follow, max-snippet:-1, max-image-preview:large, max-video-preview:-1\" \/>\n<link rel=\"canonical\" href=\"https:\/\/abogadalaviniaalice.com\/ro\/politica-de-privacidad-alice-radu\/\" \/>\n<meta property=\"og:locale\" content=\"ro_RO\" \/>\n<meta property=\"og:type\" content=\"article\" \/>\n<meta property=\"og:title\" content=\"Politica de privacidad - Abogada - Avocat -Lavinia Alice Radu M\" \/>\n<meta property=\"og:url\" content=\"https:\/\/abogadalaviniaalice.com\/ro\/politica-de-privacidad-alice-radu\/\" \/>\n<meta property=\"og:site_name\" content=\"Abogada - Avocat -Lavinia Alice Radu M\" \/>\n<meta property=\"article:modified_time\" content=\"2022-10-19T14:56:59+00:00\" \/>\n<meta name=\"twitter:card\" content=\"summary_large_image\" \/>\n<meta name=\"twitter:label1\" content=\"Timp estimat pentru citire\" \/>\n\t<meta name=\"twitter:data1\" content=\"3 minute\" \/>\n<script type=\"application\/ld+json\" class=\"yoast-schema-graph\">{\"@context\":\"https:\/\/schema.org\",\"@graph\":[{\"@type\":\"WebPage\",\"@id\":\"https:\/\/abogadalaviniaalice.com\/politica-de-privacidad-alice-radu\/\",\"url\":\"https:\/\/abogadalaviniaalice.com\/politica-de-privacidad-alice-radu\/\",\"name\":\"Politica de privacidad - Abogada - Avocat -Lavinia Alice Radu M\",\"isPartOf\":{\"@id\":\"https:\/\/abogadalaviniaalice.com\/#website\"},\"datePublished\":\"2022-10-09T08:00:54+00:00\",\"dateModified\":\"2022-10-19T14:56:59+00:00\",\"breadcrumb\":{\"@id\":\"https:\/\/abogadalaviniaalice.com\/politica-de-privacidad-alice-radu\/#breadcrumb\"},\"inLanguage\":\"ro-RO\",\"potentialAction\":[{\"@type\":\"ReadAction\",\"target\":[\"https:\/\/abogadalaviniaalice.com\/politica-de-privacidad-alice-radu\/\"]}]},{\"@type\":\"BreadcrumbList\",\"@id\":\"https:\/\/abogadalaviniaalice.com\/politica-de-privacidad-alice-radu\/#breadcrumb\",\"itemListElement\":[{\"@type\":\"ListItem\",\"position\":1,\"name\":\"Portada\",\"item\":\"https:\/\/abogadalaviniaalice.com\/\"},{\"@type\":\"ListItem\",\"position\":2,\"name\":\"Politica de privacidad\"}]},{\"@type\":\"WebSite\",\"@id\":\"https:\/\/abogadalaviniaalice.com\/#website\",\"url\":\"https:\/\/abogadalaviniaalice.com\/\",\"name\":\"Abogada - Avocat -Lavinia Alice Radu M\",\"description\":\"\",\"potentialAction\":[{\"@type\":\"SearchAction\",\"target\":{\"@type\":\"EntryPoint\",\"urlTemplate\":\"https:\/\/abogadalaviniaalice.com\/?s={search_term_string}\"},\"query-input\":\"required name=search_term_string\"}],\"inLanguage\":\"ro-RO\"}]}<\/script>\n<!-- \/ Yoast SEO plugin. -->","yoast_head_json":{"title":"Politica de privacidad - Abogada - Avocat -Lavinia Alice Radu M","robots":{"index":"index","follow":"follow","max-snippet":"max-snippet:-1","max-image-preview":"max-image-preview:large","max-video-preview":"max-video-preview:-1"},"canonical":"https:\/\/abogadalaviniaalice.com\/ro\/politica-de-privacidad-alice-radu\/","og_locale":"ro_RO","og_type":"article","og_title":"Politica de privacidad - Abogada - Avocat -Lavinia Alice Radu M","og_url":"https:\/\/abogadalaviniaalice.com\/ro\/politica-de-privacidad-alice-radu\/","og_site_name":"Abogada - Avocat -Lavinia Alice Radu M","article_modified_time":"2022-10-19T14:56:59+00:00","twitter_card":"summary_large_image","twitter_misc":{"Timp estimat pentru citire":"3 minute"},"schema":{"@context":"https:\/\/schema.org","@graph":[{"@type":"WebPage","@id":"https:\/\/abogadalaviniaalice.com\/politica-de-privacidad-alice-radu\/","url":"https:\/\/abogadalaviniaalice.com\/politica-de-privacidad-alice-radu\/","name":"Politica de privacidad - Abogada - Avocat -Lavinia Alice Radu M","isPartOf":{"@id":"https:\/\/abogadalaviniaalice.com\/#website"},"datePublished":"2022-10-09T08:00:54+00:00","dateModified":"2022-10-19T14:56:59+00:00","breadcrumb":{"@id":"https:\/\/abogadalaviniaalice.com\/politica-de-privacidad-alice-radu\/#breadcrumb"},"inLanguage":"ro-RO","potentialAction":[{"@type":"ReadAction","target":["https:\/\/abogadalaviniaalice.com\/politica-de-privacidad-alice-radu\/"]}]},{"@type":"BreadcrumbList","@id":"https:\/\/abogadalaviniaalice.com\/politica-de-privacidad-alice-radu\/#breadcrumb","itemListElement":[{"@type":"ListItem","position":1,"name":"Portada","item":"https:\/\/abogadalaviniaalice.com\/"},{"@type":"ListItem","position":2,"name":"Politica de privacidad"}]},{"@type":"WebSite","@id":"https:\/\/abogadalaviniaalice.com\/#website","url":"https:\/\/abogadalaviniaalice.com\/","name":"Abogada - Avocat -Lavinia Alice Radu M","description":"","potentialAction":[{"@type":"SearchAction","target":{"@type":"EntryPoint","urlTemplate":"https:\/\/abogadalaviniaalice.com\/?s={search_term_string}"},"query-input":"required name=search_term_string"}],"inLanguage":"ro-RO"}]}},"_links":{"self":[{"href":"https:\/\/abogadalaviniaalice.com\/ro\/wp-json\/wp\/v2\/pages\/391","targetHints":{"allow":["GET"]}}],"collection":[{"href":"https:\/\/abogadalaviniaalice.com\/ro\/wp-json\/wp\/v2\/pages"}],"about":[{"href":"https:\/\/abogadalaviniaalice.com\/ro\/wp-json\/wp\/v2\/types\/page"}],"author":[{"embeddable":true,"href":"https:\/\/abogadalaviniaalice.com\/ro\/wp-json\/wp\/v2\/users\/1"}],"replies":[{"embeddable":true,"href":"https:\/\/abogadalaviniaalice.com\/ro\/wp-json\/wp\/v2\/comments?post=391"}],"version-history":[{"count":3,"href":"https:\/\/abogadalaviniaalice.com\/ro\/wp-json\/wp\/v2\/pages\/391\/revisions"}],"predecessor-version":[{"id":394,"href":"https:\/\/abogadalaviniaalice.com\/ro\/wp-json\/wp\/v2\/pages\/391\/revisions\/394"}],"wp:attachment":[{"href":"https:\/\/abogadalaviniaalice.com\/ro\/wp-json\/wp\/v2\/media?parent=391"}],"curies":[{"name":"wp","href":"https:\/\/api.w.org\/{rel}","templated":true}]}}