{"id":185,"date":"2022-10-05T08:32:42","date_gmt":"2022-10-05T08:32:42","guid":{"rendered":"https:\/\/abogadalaviniaalice.com\/?page_id=185"},"modified":"2022-10-22T09:43:33","modified_gmt":"2022-10-22T07:43:33","slug":"blog-abogada-alice-radu","status":"publish","type":"page","link":"https:\/\/abogadalaviniaalice.com\/ro\/blog-abogada-alice-radu\/","title":{"rendered":"BLOG AVOCATA ALICE RADU"},"content":{"rendered":"<div class=\"vc_row wpb_row vc_row-fluid\"><div class=\"wpb_column vc_column_container vc_col-sm-8\"><div class=\"vc_column-inner\"><div class=\"wpb_wrapper\">\n\t<div class=\"wpb_text_column wpb_content_element\" >\n\t\t<div class=\"wpb_wrapper\">\n\t\t\t<h5 style=\"text-align: justify;\">Prin intermediul BLOG-ului nostru v\u0103 vom \u021bine la curent cu nout\u0103\u021bile acestui birou. \n\u00cen plus, ve\u021bi g\u0103si informa\u021bii juridice utile \u0219i actualizate.<\/h5>\n\n\t\t<\/div>\n\t<\/div>\n<\/div><\/div><\/div><div class=\"wpb_column vc_column_container vc_col-sm-4\"><div class=\"vc_column-inner\"><div class=\"wpb_wrapper\"><div  class=\"vc_wp_categories wpb_content_element\"><div class=\"widget widget_categories\"><h2 class=\"widgettitle\">Categorii<\/h2>\n\t\t\t<ul>\n\t\t\t\t\t<li class=\"cat-item cat-item-1\"><a href=\"https:\/\/abogadalaviniaalice.com\/ro\/category\/sin-categoria\/\">F\u0103r\u0103 categorie<\/a> (1)\n<\/li>\n\t\t\t<\/ul>\n\n\t\t\t<\/div><\/div><\/div><\/div><\/div><\/div><div class=\"vc_row wpb_row vc_row-fluid\"><div class=\"wpb_column vc_column_container vc_col-sm-12\"><div class=\"vc_column-inner\"><div class=\"wpb_wrapper\"><div class=\"vc_empty_space\"   style=\"height: 15px\"><span class=\"vc_empty_space_inner\"><\/span><\/div>\n<div class=\"vc_grid-container-wrapper vc_clearfix\">\n\t<div class=\"vc_grid-container vc_clearfix wpb_content_element vc_basic_grid\" data-initial-loading-animation=\"fadeIn\" data-vc-grid-settings=\"{&quot;page_id&quot;:185,&quot;style&quot;:&quot;all&quot;,&quot;action&quot;:&quot;vc_get_vc_grid_data&quot;,&quot;shortcode_id&quot;:&quot;1665413865404-e9445769-d0bc-7&quot;,&quot;tag&quot;:&quot;vc_basic_grid&quot;}\" data-vc-request=\"https:\/\/abogadalaviniaalice.com\/wp-admin\/admin-ajax.php\" data-vc-post-id=\"185\" data-vc-public-nonce=\"8394b46a3e\">\n\t\t<style data-type=\"vc_shortcodes-custom-css\">.vc_custom_1419240516480{background-color: #f9f9f9 !important;}<\/style><div class=\"vc_grid vc_row vc_grid-gutter-30px vc_pageable-wrapper vc_hook_hover\" data-vc-pageable-content=\"true\"><div class=\"vc_pageable-slide-wrapper vc_clearfix\" data-vc-grid-content=\"true\"><div class=\"vc_grid-item vc_clearfix vc_col-sm-4 vc_grid-item-zone-c-bottom\"><div class=\"vc_grid-item-mini vc_clearfix\"><div class=\"vc_gitem-animated-block\" \"><div class=\"vc_gitem-zone vc_gitem-zone-a vc-gitem-zone-height-mode-auto vc-gitem-zone-height-mode-auto-1-1 vc_gitem-is-link\" style=\"background-image: url('https:\/\/abogadalaviniaalice.com\/wp-content\/uploads\/2022\/10\/abogado-mujer1.jpg') !important;\"><a href=\"https:\/\/abogadalaviniaalice.com\/ro\/hola\/sin-categoria\/\" title=\"Bienvenid@s\" class=\"vc_gitem-link vc-zone-link\"><\/a><img decoding=\"async\" src=\"https:\/\/abogadalaviniaalice.com\/wp-content\/uploads\/2022\/10\/abogado-mujer1.jpg\" class=\"vc_gitem-zone-img\" alt=\"\"><div class=\"vc_gitem-zone-mini\"><\/div><\/div><\/div><div class=\"vc_gitem-zone vc_gitem-zone-c vc_custom_1419240516480\"><div class=\"vc_gitem-zone-mini\"><div class=\"vc_gitem_row vc_row vc_gitem-row-position-top\"><div class=\"vc_col-sm-12 vc_gitem-col vc_gitem-col-align-\"><div class=\"vc_custom_heading vc_gitem-post-data vc_gitem-post-data-source-post_title\" ><h4 style=\"text-align: left\" >Bienvenid@s<\/h4><\/div><div class=\"vc_custom_heading vc_gitem-post-data vc_gitem-post-data-source-post_excerpt\" ><p style=\"text-align: left\" >Te damos la bienvenida a nuestro BLOG. A trav\u00e9s de nuestro BLOG te mantendremos informad@ sobre las novedades de este despacho. Adem\u00e1s, encontrar\u00e1s informaci\u00f3n jur\u00eddica \u00fatil y de actualidad.<\/p><\/div><div class=\"vc_btn3-container vc_btn3-left\"><a class=\"vc_general vc_btn3 vc_btn3-size-md vc_btn3-shape-rounded vc_btn3-style-flat vc_btn3-color-juicy-pink\" a href=\"https:\/\/abogadalaviniaalice.com\/ro\/hola\/sin-categoria\/\" title=\"Read more\">Read more<\/a><\/div><\/div><\/div><\/div><\/div><\/div><div class=\"vc_clearfix\"><\/div><\/div><\/div><\/div>\n\t<\/div>\n<\/div><div class=\"vc_empty_space\"   style=\"height: 15px\"><span class=\"vc_empty_space_inner\"><\/span><\/div><\/div><\/div><\/div><\/div>","protected":false},"excerpt":{"rendered":"A trav\u00e9s de nuestro BLOG te mantendremos informad@ sobre las novedades de este despacho. Adem\u00e1s, encontrar\u00e1s informaci\u00f3n jur\u00eddica \u00fatil y de actualidad. Categorii Sin categor\u00eda (1)","protected":false},"author":1,"featured_media":454,"parent":0,"menu_order":0,"comment_status":"closed","ping_status":"closed","template":"","meta":{"footnotes":""},"class_list":["post-185","page","type-page","status-publish","has-post-thumbnail","hentry"],"yoast_head":"<!-- This site is optimized with the Yoast SEO plugin v19.13 - https:\/\/yoast.com\/wordpress\/plugins\/seo\/ -->\n<title>BLOG -Abogado - Avocat Lavinia Alice Radu - Sagunto - Valencia<\/title>\n<meta name=\"description\" content=\"A trav\u00e9s de nuestro BLOG te mantendremos informad@ sobre las novedades de este despacho. Informaci\u00f3n jur\u00eddica \u00fatil y de actualidad.\" \/>\n<meta name=\"robots\" content=\"index, follow, max-snippet:-1, max-image-preview:large, max-video-preview:-1\" \/>\n<link rel=\"canonical\" href=\"https:\/\/abogadalaviniaalice.com\/ro\/blog-abogada-alice-radu\/\" \/>\n<meta property=\"og:locale\" content=\"ro_RO\" \/>\n<meta property=\"og:type\" content=\"article\" \/>\n<meta property=\"og:title\" content=\"BLOG -Abogado - Avocat Lavinia Alice Radu - Sagunto - Valencia\" \/>\n<meta property=\"og:description\" content=\"A trav\u00e9s de nuestro BLOG te mantendremos informad@ sobre las novedades de este despacho. Informaci\u00f3n jur\u00eddica \u00fatil y de actualidad.\" \/>\n<meta property=\"og:url\" content=\"https:\/\/abogadalaviniaalice.com\/ro\/blog-abogada-alice-radu\/\" \/>\n<meta property=\"og:site_name\" content=\"Abogada - Avocat -Lavinia Alice Radu M\" \/>\n<meta property=\"article:modified_time\" content=\"2022-10-22T07:43:33+00:00\" \/>\n<meta property=\"og:image\" content=\"https:\/\/abogadalaviniaalice.com\/wp-content\/uploads\/2022\/10\/banner-pagina-single-alice-radu-abogado-550h.jpg\" \/>\n\t<meta property=\"og:image:width\" content=\"1200\" \/>\n\t<meta property=\"og:image:height\" content=\"550\" \/>\n\t<meta property=\"og:image:type\" content=\"image\/jpeg\" \/>\n<meta name=\"twitter:card\" content=\"summary_large_image\" \/>\n<meta name=\"twitter:label1\" content=\"Timp estimat pentru citire\" \/>\n\t<meta name=\"twitter:data1\" content=\"1 minut\" \/>\n<script type=\"application\/ld+json\" class=\"yoast-schema-graph\">{\"@context\":\"https:\/\/schema.org\",\"@graph\":[{\"@type\":\"WebPage\",\"@id\":\"https:\/\/abogadalaviniaalice.com\/blog-abogada-alice-radu\/\",\"url\":\"https:\/\/abogadalaviniaalice.com\/blog-abogada-alice-radu\/\",\"name\":\"BLOG -Abogado - Avocat Lavinia Alice Radu - Sagunto - Valencia\",\"isPartOf\":{\"@id\":\"https:\/\/abogadalaviniaalice.com\/#website\"},\"datePublished\":\"2022-10-05T08:32:42+00:00\",\"dateModified\":\"2022-10-22T07:43:33+00:00\",\"description\":\"A trav\u00e9s de nuestro BLOG te mantendremos informad@ sobre las novedades de este despacho. Informaci\u00f3n jur\u00eddica \u00fatil y de actualidad.\",\"breadcrumb\":{\"@id\":\"https:\/\/abogadalaviniaalice.com\/blog-abogada-alice-radu\/#breadcrumb\"},\"inLanguage\":\"ro-RO\",\"potentialAction\":[{\"@type\":\"ReadAction\",\"target\":[\"https:\/\/abogadalaviniaalice.com\/blog-abogada-alice-radu\/\"]}]},{\"@type\":\"BreadcrumbList\",\"@id\":\"https:\/\/abogadalaviniaalice.com\/blog-abogada-alice-radu\/#breadcrumb\",\"itemListElement\":[{\"@type\":\"ListItem\",\"position\":1,\"name\":\"Portada\",\"item\":\"https:\/\/abogadalaviniaalice.com\/\"},{\"@type\":\"ListItem\",\"position\":2,\"name\":\"Blog Abogada Alice Radu\"}]},{\"@type\":\"WebSite\",\"@id\":\"https:\/\/abogadalaviniaalice.com\/#website\",\"url\":\"https:\/\/abogadalaviniaalice.com\/\",\"name\":\"Abogada - Avocat -Lavinia Alice Radu M\",\"description\":\"\",\"potentialAction\":[{\"@type\":\"SearchAction\",\"target\":{\"@type\":\"EntryPoint\",\"urlTemplate\":\"https:\/\/abogadalaviniaalice.com\/?s={search_term_string}\"},\"query-input\":\"required name=search_term_string\"}],\"inLanguage\":\"ro-RO\"}]}<\/script>\n<!-- \/ Yoast SEO plugin. -->","yoast_head_json":{"title":"BLOG -Abogado - Avocat Lavinia Alice Radu - Sagunto - Valencia","description":"A trav\u00e9s de nuestro BLOG te mantendremos informad@ sobre las novedades de este despacho. Informaci\u00f3n jur\u00eddica \u00fatil y de actualidad.","robots":{"index":"index","follow":"follow","max-snippet":"max-snippet:-1","max-image-preview":"max-image-preview:large","max-video-preview":"max-video-preview:-1"},"canonical":"https:\/\/abogadalaviniaalice.com\/ro\/blog-abogada-alice-radu\/","og_locale":"ro_RO","og_type":"article","og_title":"BLOG -Abogado - Avocat Lavinia Alice Radu - Sagunto - Valencia","og_description":"A trav\u00e9s de nuestro BLOG te mantendremos informad@ sobre las novedades de este despacho. Informaci\u00f3n jur\u00eddica \u00fatil y de actualidad.","og_url":"https:\/\/abogadalaviniaalice.com\/ro\/blog-abogada-alice-radu\/","og_site_name":"Abogada - Avocat -Lavinia Alice Radu M","article_modified_time":"2022-10-22T07:43:33+00:00","og_image":[{"width":1200,"height":550,"url":"https:\/\/abogadalaviniaalice.com\/wp-content\/uploads\/2022\/10\/banner-pagina-single-alice-radu-abogado-550h.jpg","type":"image\/jpeg"}],"twitter_card":"summary_large_image","twitter_misc":{"Timp estimat pentru citire":"1 minut"},"schema":{"@context":"https:\/\/schema.org","@graph":[{"@type":"WebPage","@id":"https:\/\/abogadalaviniaalice.com\/blog-abogada-alice-radu\/","url":"https:\/\/abogadalaviniaalice.com\/blog-abogada-alice-radu\/","name":"BLOG -Abogado - Avocat Lavinia Alice Radu - Sagunto - Valencia","isPartOf":{"@id":"https:\/\/abogadalaviniaalice.com\/#website"},"datePublished":"2022-10-05T08:32:42+00:00","dateModified":"2022-10-22T07:43:33+00:00","description":"A trav\u00e9s de nuestro BLOG te mantendremos informad@ sobre las novedades de este despacho. Informaci\u00f3n jur\u00eddica \u00fatil y de actualidad.","breadcrumb":{"@id":"https:\/\/abogadalaviniaalice.com\/blog-abogada-alice-radu\/#breadcrumb"},"inLanguage":"ro-RO","potentialAction":[{"@type":"ReadAction","target":["https:\/\/abogadalaviniaalice.com\/blog-abogada-alice-radu\/"]}]},{"@type":"BreadcrumbList","@id":"https:\/\/abogadalaviniaalice.com\/blog-abogada-alice-radu\/#breadcrumb","itemListElement":[{"@type":"ListItem","position":1,"name":"Portada","item":"https:\/\/abogadalaviniaalice.com\/"},{"@type":"ListItem","position":2,"name":"Blog Abogada Alice Radu"}]},{"@type":"WebSite","@id":"https:\/\/abogadalaviniaalice.com\/#website","url":"https:\/\/abogadalaviniaalice.com\/","name":"Abogada - Avocat -Lavinia Alice Radu M","description":"","potentialAction":[{"@type":"SearchAction","target":{"@type":"EntryPoint","urlTemplate":"https:\/\/abogadalaviniaalice.com\/?s={search_term_string}"},"query-input":"required name=search_term_string"}],"inLanguage":"ro-RO"}]}},"_links":{"self":[{"href":"https:\/\/abogadalaviniaalice.com\/ro\/wp-json\/wp\/v2\/pages\/185","targetHints":{"allow":["GET"]}}],"collection":[{"href":"https:\/\/abogadalaviniaalice.com\/ro\/wp-json\/wp\/v2\/pages"}],"about":[{"href":"https:\/\/abogadalaviniaalice.com\/ro\/wp-json\/wp\/v2\/types\/page"}],"author":[{"embeddable":true,"href":"https:\/\/abogadalaviniaalice.com\/ro\/wp-json\/wp\/v2\/users\/1"}],"replies":[{"embeddable":true,"href":"https:\/\/abogadalaviniaalice.com\/ro\/wp-json\/wp\/v2\/comments?post=185"}],"version-history":[{"count":2,"href":"https:\/\/abogadalaviniaalice.com\/ro\/wp-json\/wp\/v2\/pages\/185\/revisions"}],"predecessor-version":[{"id":428,"href":"https:\/\/abogadalaviniaalice.com\/ro\/wp-json\/wp\/v2\/pages\/185\/revisions\/428"}],"wp:featuredmedia":[{"embeddable":true,"href":"https:\/\/abogadalaviniaalice.com\/ro\/wp-json\/wp\/v2\/media\/454"}],"wp:attachment":[{"href":"https:\/\/abogadalaviniaalice.com\/ro\/wp-json\/wp\/v2\/media?parent=185"}],"curies":[{"name":"wp","href":"https:\/\/api.w.org\/{rel}","templated":true}]}}