{"id":164,"date":"2022-10-05T07:58:57","date_gmt":"2022-10-05T07:58:57","guid":{"rendered":"https:\/\/abogadalaviniaalice.com\/?page_id=164"},"modified":"2022-10-19T15:43:11","modified_gmt":"2022-10-19T15:43:11","slug":"contacto","status":"publish","type":"page","link":"https:\/\/abogadalaviniaalice.com\/ro\/contacto\/","title":{"rendered":"CONTACT"},"content":{"rendered":"<div data-vc-full-width=\"true\" data-vc-full-width-init=\"false\" class=\"vc_row wpb_row vc_row-fluid\"><div class=\"wpb_column vc_column_container vc_col-sm-12\"><div class=\"vc_column-inner\"><div class=\"wpb_wrapper\"><div class=\"vc_empty_space\"   style=\"height: 32px\"><span class=\"vc_empty_space_inner\"><\/span><\/div><div class=\"row\"><div class=\"col-md-8 col-md-offset-2 col-xs-12\"><div class=\"section-title  text-center\"><h3><\/h3><h2>CONTACT<\/h2><\/div><\/div><\/div><\/div><\/div><\/div><\/div><div class=\"vc_row-full-width vc_clearfix\"><\/div><div data-vc-full-width=\"true\" data-vc-full-width-init=\"false\" data-vc-stretch-content=\"true\" class=\"vc_row wpb_row vc_row-fluid\"><div class=\"res-margin wpb_column vc_column_container vc_col-sm-4\"><div class=\"vc_column-inner vc_custom_1633953865218\"><div class=\"wpb_wrapper\"><div class=\"contact-info\" ><div class=\"contact-content clearfix\">\r\n\t\t\t\t\t<div class=\"icon icon-basic-map\"><\/div><div class=\"contact-text\"><h4>Adresa<\/h4><p><\/p>\n<h5><strong>Avenida Doctor Palos 18 bajo, <\/strong><\/h5>\n<h5><strong>Sagunto, Espa\u00f1a<\/strong><\/h5>\n<p><\/p><\/div>\r\n\t\t\t\t<\/div><div class=\"contact-content clearfix\">\r\n\t\t\t\t\t<div class=\"icon icon-basic-smartphone\"><\/div><div class=\"contact-text\"><h4>Telefon<\/h4><p><\/p>\n<h4><i class=\"fas fa-phone-alt\"><\/i> <a href=\"tel:34686722999\">686722999<\/a><\/h4>\n<p><\/p><\/div>\r\n\t\t\t\t<\/div><div class=\"contact-content clearfix\">\r\n\t\t\t\t\t<div class=\"icon icon-basic-mail\"><\/div><div class=\"contact-text\"><h4>E-mail<\/h4><p><\/p>\n<h5><a href=\"mailto:info@abogadalaviniaalice.com\">info@abogadalaviniaalice.com<\/a><\/h5>\n<p><\/p><\/div>\r\n\t\t\t\t<\/div><\/div><\/div><\/div><\/div><div class=\"wpb_column vc_column_container vc_col-sm-4\"><div class=\"vc_column-inner\"><div class=\"wpb_wrapper\">\n\t<div class=\"wpb_text_column wpb_content_element\" >\n\t\t<div class=\"wpb_wrapper\">\n\t\t\t<p><iframe loading=\"lazy\" style=\"border: 0;\" src=\"https:\/\/www.google.com\/maps\/embed?pb=!1m18!1m12!1m3!1d3070.568955650796!2d-0.2808519!3d39.6819098!2m3!1f0!2f0!3f0!3m2!1i1024!2i768!4f13.1!3m3!1m2!1s0xd60153d57c7cdb5%3A0x5c0da79288b86eb5!2sAv.%20Dr.%20Palos%2C%2018%2C%2046500%20Sagunto%2C%20Valencia!5e0!3m2!1ses!2ses!4v1664957341763!5m2!1ses!2ses\" width=\"600\" height=\"450\" allowfullscreen=\"allowfullscreen\"><span style=\"display: inline-block; width: 0px; overflow: hidden; line-height: 0;\" data-mce-type=\"bookmark\" class=\"mce_SELRES_start\"><\/span><\/iframe><\/p>\n\n\t\t<\/div>\n\t<\/div>\n<\/div><\/div><\/div><div class=\"wpb_column vc_column_container vc_col-sm-4\"><div class=\"vc_column-inner\"><div class=\"wpb_wrapper\">\n\t<div class=\"wpb_text_column wpb_content_element\" >\n\t\t<div class=\"wpb_wrapper\">\n\t\t\t<div class=\"wpcf7 no-js\" id=\"wpcf7-f435-o1\" lang=\"es-ES\" dir=\"ltr\">\n<div class=\"screen-reader-response\"><p role=\"status\" aria-live=\"polite\" aria-atomic=\"true\"><\/p> <ul><\/ul><\/div>\n<form action=\"\/ro\/wp-json\/wp\/v2\/pages\/164#wpcf7-f435-o1\" method=\"post\" class=\"wpcf7-form init wpcf7-acceptance-as-validation\" aria-label=\"Formulario de contacto\" novalidate=\"novalidate\" data-status=\"init\" data-trp-original-action=\"\/ro\/wp-json\/wp\/v2\/pages\/164#wpcf7-f435-o1\">\n<div style=\"display: none;\">\n<input type=\"hidden\" name=\"_wpcf7\" value=\"435\" \/>\n<input type=\"hidden\" name=\"_wpcf7_version\" value=\"5.7.2\" \/>\n<input type=\"hidden\" name=\"_wpcf7_locale\" value=\"es_ES\" \/>\n<input type=\"hidden\" name=\"_wpcf7_unit_tag\" value=\"wpcf7-f435-o1\" \/>\n<input type=\"hidden\" name=\"_wpcf7_container_post\" value=\"0\" \/>\n<input type=\"hidden\" name=\"_wpcf7_posted_data_hash\" value=\"\" \/>\n<\/div>\n<p><label> Nume<br \/>\n<span class=\"wpcf7-form-control-wrap\" data-name=\"your-name\"><input size=\"40\" class=\"wpcf7-form-control wpcf7-text wpcf7-validates-as-required\" aria-required=\"true\" aria-invalid=\"false\" value=\"\" type=\"text\" name=\"your-name\" \/><\/span> <\/label>\n<\/p>\n<p><label> E-mail<br \/>\n<span class=\"wpcf7-form-control-wrap\" data-name=\"your-email\"><input size=\"40\" class=\"wpcf7-form-control wpcf7-text wpcf7-email wpcf7-validates-as-required wpcf7-validates-as-email\" aria-required=\"true\" aria-invalid=\"false\" value=\"\" type=\"email\" name=\"your-email\" \/><\/span> <\/label>\n<\/p>\n<p><label> Subiect<br \/>\n<span class=\"wpcf7-form-control-wrap\" data-name=\"your-subject\"><input size=\"40\" class=\"wpcf7-form-control wpcf7-text wpcf7-validates-as-required\" aria-required=\"true\" aria-invalid=\"false\" value=\"\" type=\"text\" name=\"your-subject\" \/><\/span> <\/label>\n<\/p>\n<p><label> Mesaj<br \/>\n<span class=\"wpcf7-form-control-wrap\" data-name=\"your-message\"><textarea cols=\"40\" rows=\"10\" class=\"wpcf7-form-control wpcf7-textarea\" aria-invalid=\"false\" name=\"your-message\"><\/textarea><\/span> <\/label>\n<\/p>\n<p><label><br \/>\nAm citit \u0219i accept <a href = \"https:\/\/abogadalaviniaalice.com\/ro\/politica-de-privacidad\/\"; target=\"_blank\">POLTICA DE PRIVACIDAD <\/a><br \/>\n<span class=\"wpcf7-form-control-wrap\" data-name=\"acceptance-632\"><span class=\"wpcf7-form-control wpcf7-acceptance\"><span class=\"wpcf7-list-item\"><input type=\"checkbox\" name=\"acceptance-632\" value=\"1\" aria-invalid=\"false\" \/><\/span><\/span><\/span><\/label>\n<\/p>\n<p><input class=\"wpcf7-form-control has-spinner wpcf7-submit\" type=\"submit\" value=\"Trimite\" \/>\n<\/p><div class=\"wpcf7-response-output\" aria-hidden=\"true\"><\/div><input type=\"hidden\" name=\"trp-form-language\" value=\"ro\"\/><\/form><\/div>\n\n\t\t<\/div>\n\t<\/div>\n<\/div><\/div><\/div><\/div><div class=\"vc_row-full-width vc_clearfix\"><\/div><div class=\"vc_row wpb_row vc_row-fluid\"><div class=\"wpb_column vc_column_container vc_col-sm-12\"><div class=\"vc_column-inner\"><div class=\"wpb_wrapper\"><div class=\"vc_empty_space\"   style=\"height: 32px\"><span class=\"vc_empty_space_inner\"><\/span><\/div><\/div><\/div><\/div><\/div>","protected":false},"excerpt":{"rendered":"CONTACTO Direcci\u00f3n Avenida Doctor Palos 18 bajo, Sagunto, Espa\u00f1a Tel\u00e9fono 686722999 Correo electr\u00f3nico info@abogadalaviniaalice.com \ufeff Tu nombre Tu correo electr\u00f3nico Asunto Tu mensaje (opcional) He leido y aceptado la POLTICA DE PRIVACIDAD","protected":false},"author":1,"featured_media":454,"parent":0,"menu_order":0,"comment_status":"closed","ping_status":"closed","template":"","meta":{"footnotes":""},"class_list":["post-164","page","type-page","status-publish","has-post-thumbnail","hentry"],"yoast_head":"<!-- This site is optimized with the Yoast SEO plugin v19.13 - https:\/\/yoast.com\/wordpress\/plugins\/seo\/ -->\n<title>CONTACTO Abogado - Avocat Lavinia Alice Radu - Valencia<\/title>\n<meta name=\"description\" content=\"Avenida Doctor Palos 18 bajo, Sagunto, Espa\u00f1a | 686 722 999 | info@abogadalaviniaalice.com\" \/>\n<meta name=\"robots\" content=\"index, follow, max-snippet:-1, max-image-preview:large, max-video-preview:-1\" \/>\n<link rel=\"canonical\" href=\"https:\/\/abogadalaviniaalice.com\/ro\/contacto\/\" \/>\n<meta property=\"og:locale\" content=\"ro_RO\" \/>\n<meta property=\"og:type\" content=\"article\" \/>\n<meta property=\"og:title\" content=\"CONTACTO Abogado - Avocat Lavinia Alice Radu - Valencia\" \/>\n<meta property=\"og:description\" content=\"Avenida Doctor Palos 18 bajo, Sagunto, Espa\u00f1a | 686 722 999 | info@abogadalaviniaalice.com\" \/>\n<meta property=\"og:url\" content=\"https:\/\/abogadalaviniaalice.com\/ro\/contacto\/\" \/>\n<meta property=\"og:site_name\" content=\"Abogada - Avocat -Lavinia Alice Radu M\" \/>\n<meta property=\"article:modified_time\" content=\"2022-10-19T15:43:11+00:00\" \/>\n<meta property=\"og:image\" content=\"https:\/\/abogadalaviniaalice.com\/wp-content\/uploads\/2022\/10\/paralax-foto-12.jpg\" \/>\n\t<meta property=\"og:image:width\" content=\"1313\" \/>\n\t<meta property=\"og:image:height\" content=\"736\" \/>\n\t<meta property=\"og:image:type\" content=\"image\/jpeg\" \/>\n<meta name=\"twitter:card\" content=\"summary_large_image\" \/>\n<meta name=\"twitter:label1\" content=\"Timp estimat pentru citire\" \/>\n\t<meta name=\"twitter:data1\" content=\"1 minut\" \/>\n<script type=\"application\/ld+json\" class=\"yoast-schema-graph\">{\"@context\":\"https:\/\/schema.org\",\"@graph\":[{\"@type\":\"WebPage\",\"@id\":\"https:\/\/abogadalaviniaalice.com\/contacto\/\",\"url\":\"https:\/\/abogadalaviniaalice.com\/contacto\/\",\"name\":\"CONTACTO Abogado - Avocat Lavinia Alice Radu - Valencia\",\"isPartOf\":{\"@id\":\"https:\/\/abogadalaviniaalice.com\/#website\"},\"datePublished\":\"2022-10-05T07:58:57+00:00\",\"dateModified\":\"2022-10-19T15:43:11+00:00\",\"description\":\"Avenida Doctor Palos 18 bajo, Sagunto, Espa\u00f1a | 686 722 999 | info@abogadalaviniaalice.com\",\"breadcrumb\":{\"@id\":\"https:\/\/abogadalaviniaalice.com\/contacto\/#breadcrumb\"},\"inLanguage\":\"ro-RO\",\"potentialAction\":[{\"@type\":\"ReadAction\",\"target\":[\"https:\/\/abogadalaviniaalice.com\/contacto\/\"]}]},{\"@type\":\"BreadcrumbList\",\"@id\":\"https:\/\/abogadalaviniaalice.com\/contacto\/#breadcrumb\",\"itemListElement\":[{\"@type\":\"ListItem\",\"position\":1,\"name\":\"Portada\",\"item\":\"https:\/\/abogadalaviniaalice.com\/\"},{\"@type\":\"ListItem\",\"position\":2,\"name\":\"CONTACTO\"}]},{\"@type\":\"WebSite\",\"@id\":\"https:\/\/abogadalaviniaalice.com\/#website\",\"url\":\"https:\/\/abogadalaviniaalice.com\/\",\"name\":\"Abogada - Avocat -Lavinia Alice Radu M\",\"description\":\"\",\"potentialAction\":[{\"@type\":\"SearchAction\",\"target\":{\"@type\":\"EntryPoint\",\"urlTemplate\":\"https:\/\/abogadalaviniaalice.com\/?s={search_term_string}\"},\"query-input\":\"required name=search_term_string\"}],\"inLanguage\":\"ro-RO\"}]}<\/script>\n<!-- \/ Yoast SEO plugin. -->","yoast_head_json":{"title":"CONTACTO Abogado - Avocat Lavinia Alice Radu - Valencia","description":"Avenida Doctor Palos 18 bajo, Sagunto, Espa\u00f1a | 686 722 999 | info@abogadalaviniaalice.com","robots":{"index":"index","follow":"follow","max-snippet":"max-snippet:-1","max-image-preview":"max-image-preview:large","max-video-preview":"max-video-preview:-1"},"canonical":"https:\/\/abogadalaviniaalice.com\/ro\/contacto\/","og_locale":"ro_RO","og_type":"article","og_title":"CONTACTO Abogado - Avocat Lavinia Alice Radu - Valencia","og_description":"Avenida Doctor Palos 18 bajo, Sagunto, Espa\u00f1a | 686 722 999 | info@abogadalaviniaalice.com","og_url":"https:\/\/abogadalaviniaalice.com\/ro\/contacto\/","og_site_name":"Abogada - Avocat -Lavinia Alice Radu M","article_modified_time":"2022-10-19T15:43:11+00:00","og_image":[{"width":1313,"height":736,"url":"https:\/\/abogadalaviniaalice.com\/wp-content\/uploads\/2022\/10\/paralax-foto-12.jpg","type":"image\/jpeg"}],"twitter_card":"summary_large_image","twitter_misc":{"Timp estimat pentru citire":"1 minut"},"schema":{"@context":"https:\/\/schema.org","@graph":[{"@type":"WebPage","@id":"https:\/\/abogadalaviniaalice.com\/contacto\/","url":"https:\/\/abogadalaviniaalice.com\/contacto\/","name":"CONTACTO Abogado - Avocat Lavinia Alice Radu - Valencia","isPartOf":{"@id":"https:\/\/abogadalaviniaalice.com\/#website"},"datePublished":"2022-10-05T07:58:57+00:00","dateModified":"2022-10-19T15:43:11+00:00","description":"Avenida Doctor Palos 18 bajo, Sagunto, Espa\u00f1a | 686 722 999 | info@abogadalaviniaalice.com","breadcrumb":{"@id":"https:\/\/abogadalaviniaalice.com\/contacto\/#breadcrumb"},"inLanguage":"ro-RO","potentialAction":[{"@type":"ReadAction","target":["https:\/\/abogadalaviniaalice.com\/contacto\/"]}]},{"@type":"BreadcrumbList","@id":"https:\/\/abogadalaviniaalice.com\/contacto\/#breadcrumb","itemListElement":[{"@type":"ListItem","position":1,"name":"Portada","item":"https:\/\/abogadalaviniaalice.com\/"},{"@type":"ListItem","position":2,"name":"CONTACTO"}]},{"@type":"WebSite","@id":"https:\/\/abogadalaviniaalice.com\/#website","url":"https:\/\/abogadalaviniaalice.com\/","name":"Abogada - Avocat -Lavinia Alice Radu M","description":"","potentialAction":[{"@type":"SearchAction","target":{"@type":"EntryPoint","urlTemplate":"https:\/\/abogadalaviniaalice.com\/?s={search_term_string}"},"query-input":"required name=search_term_string"}],"inLanguage":"ro-RO"}]}},"_links":{"self":[{"href":"https:\/\/abogadalaviniaalice.com\/ro\/wp-json\/wp\/v2\/pages\/164","targetHints":{"allow":["GET"]}}],"collection":[{"href":"https:\/\/abogadalaviniaalice.com\/ro\/wp-json\/wp\/v2\/pages"}],"about":[{"href":"https:\/\/abogadalaviniaalice.com\/ro\/wp-json\/wp\/v2\/types\/page"}],"author":[{"embeddable":true,"href":"https:\/\/abogadalaviniaalice.com\/ro\/wp-json\/wp\/v2\/users\/1"}],"replies":[{"embeddable":true,"href":"https:\/\/abogadalaviniaalice.com\/ro\/wp-json\/wp\/v2\/comments?post=164"}],"version-history":[{"count":5,"href":"https:\/\/abogadalaviniaalice.com\/ro\/wp-json\/wp\/v2\/pages\/164\/revisions"}],"predecessor-version":[{"id":463,"href":"https:\/\/abogadalaviniaalice.com\/ro\/wp-json\/wp\/v2\/pages\/164\/revisions\/463"}],"wp:featuredmedia":[{"embeddable":true,"href":"https:\/\/abogadalaviniaalice.com\/ro\/wp-json\/wp\/v2\/media\/454"}],"wp:attachment":[{"href":"https:\/\/abogadalaviniaalice.com\/ro\/wp-json\/wp\/v2\/media?parent=164"}],"curies":[{"name":"wp","href":"https:\/\/api.w.org\/{rel}","templated":true}]}}