{"id":116,"date":"2022-10-04T17:11:32","date_gmt":"2022-10-04T17:11:32","guid":{"rendered":"https:\/\/abogadalaviniaalice.com\/?page_id=116"},"modified":"2022-10-24T15:49:06","modified_gmt":"2022-10-24T13:49:06","slug":"servicios","status":"publish","type":"page","link":"https:\/\/abogadalaviniaalice.com\/ro\/servicios\/","title":{"rendered":"SERVICII"},"content":{"rendered":"<div class=\"vc_row wpb_row vc_row-fluid\"><div class=\"wpb_column vc_column_container vc_col-sm-12\"><div class=\"vc_column-inner\"><div class=\"wpb_wrapper\"><div class=\"vc_empty_space\"   style=\"height: 32px\"><span class=\"vc_empty_space_inner\"><\/span><\/div><\/div><\/div><\/div><\/div><div class=\"vc_row wpb_row vc_row-fluid\"><div class=\"wpb_column vc_column_container vc_col-sm-12\"><div class=\"vc_column-inner\"><div class=\"wpb_wrapper\">\n\t<div class=\"wpb_text_column wpb_content_element\" >\n\t\t<div class=\"wpb_wrapper\">\n\t\t\t<h3 style=\"text-align: center;\"><strong>ALEGE\u021aI DINTR-O AMPL\u0102 GAM\u0102 DE SERVICII PE CARE LE OFERIM<\/strong><\/h3>\n<h4 style=\"text-align: center;\"><span id=\"page3R_mcid1\" class=\"markedContent\"><span dir=\"ltr\" role=\"presentation\">\u00cen acest cabinet juridic profesional oferim servicii \u00een diferite domenii ale Dreptului:<\/span><\/span><\/h4>\n\n\t\t<\/div>\n\t<\/div>\n<\/div><\/div><\/div><\/div><div class=\"vc_row wpb_row vc_row-fluid vc_row-o-equal-height vc_row-flex\"><div class=\"wpb_column vc_column_container vc_col-sm-4 vc_col-has-fill\"><div class=\"vc_column-inner vc_custom_1664962895544\"><div class=\"wpb_wrapper\">\n\t<div class=\"wpb_text_column wpb_content_element\" >\n\t\t<div class=\"wpb_wrapper\">\n\t\t\t<h5 style=\"text-align: center; font-weight: 800;\">STR\u0102INI<\/h5>\n\n\t\t<\/div>\n\t<\/div>\n\n\t<div class=\"wpb_text_column wpb_content_element\" >\n\t\t<div class=\"wpb_wrapper\">\n\t\t\t\n\t\t<\/div>\n\t<\/div>\n\n\t<div  class=\"wpb_single_image wpb_content_element vc_align_left\">\n\t\t\n\t\t<figure class=\"wpb_wrapper vc_figure\">\n\t\t\t<div class=\"vc_single_image-wrapper   vc_box_border_grey\"><img loading=\"lazy\" decoding=\"async\" width=\"900\" height=\"600\" src=\"https:\/\/abogadalaviniaalice.com\/wp-content\/uploads\/2022\/10\/derecho-laboral-abogada-alice-radu-sagunt-valencia1.jpg\" class=\"vc_single_image-img attachment-full\" alt=\"\" srcset=\"https:\/\/abogadalaviniaalice.com\/wp-content\/uploads\/2022\/10\/derecho-laboral-abogada-alice-radu-sagunt-valencia1.jpg 900w, https:\/\/abogadalaviniaalice.com\/wp-content\/uploads\/2022\/10\/derecho-laboral-abogada-alice-radu-sagunt-valencia1-300x200.jpg 300w, https:\/\/abogadalaviniaalice.com\/wp-content\/uploads\/2022\/10\/derecho-laboral-abogada-alice-radu-sagunt-valencia1-768x512.jpg 768w, https:\/\/abogadalaviniaalice.com\/wp-content\/uploads\/2022\/10\/derecho-laboral-abogada-alice-radu-sagunt-valencia1-18x12.jpg 18w\" sizes=\"auto, (max-width: 900px) 100vw, 900px\" \/><\/div>\n\t\t<\/figure>\n\t<\/div>\n\n\t<div class=\"wpb_text_column wpb_content_element\" >\n\t\t<div class=\"wpb_wrapper\">\n\t\t\t<h5 class=\" translation-block\">\u27a2 Dosare pentru dob\u00e2ndirea <strong>CET\u0102\u0162ENIEI<\/strong> spaniole prin reziden\u0163\u0103<br>\n\u27a2 Certificat de <strong> registru al cet\u0103\u021benilor Uniunii Europene<\/strong><br>\n\u27a2 Ob\u021binere<strong> NIE<\/strong> pentru investi\u0163ii<br>\n\u27a2 Dosare de c\u0103s\u0103torie \u0219i perechi de fapt<br>\n\u27a2 Permise de \u0219edere, reziden\u0163\u0103 \u0219i drept de munc\u0103<br>\n\u27a2 Solicitare de azil politic<\/h5>\n\n\t\t<\/div>\n\t<\/div>\n<\/div><\/div><\/div><div class=\"wpb_column vc_column_container vc_col-sm-4 vc_col-has-fill\"><div class=\"vc_column-inner vc_custom_1664963111767\"><div class=\"wpb_wrapper\">\n\t<div class=\"wpb_text_column wpb_content_element\" >\n\t\t<div class=\"wpb_wrapper\">\n\t\t\t<h5 style=\"text-align: center; font-weight: 800;\">DREPT ADMINISTRATIV<\/h5>\n\n\t\t<\/div>\n\t<\/div>\n\n\t<div  class=\"wpb_single_image wpb_content_element vc_align_left\">\n\t\t\n\t\t<figure class=\"wpb_wrapper vc_figure\">\n\t\t\t<div class=\"vc_single_image-wrapper   vc_box_border_grey\"><img loading=\"lazy\" decoding=\"async\" width=\"750\" height=\"500\" src=\"https:\/\/abogadalaviniaalice.com\/wp-content\/uploads\/2022\/10\/tramites-ciudadanos-rumanos-alice-radu-sagunt-valencia.jpg\" class=\"vc_single_image-img attachment-large\" alt=\"\" srcset=\"https:\/\/abogadalaviniaalice.com\/wp-content\/uploads\/2022\/10\/tramites-ciudadanos-rumanos-alice-radu-sagunt-valencia.jpg 900w, https:\/\/abogadalaviniaalice.com\/wp-content\/uploads\/2022\/10\/tramites-ciudadanos-rumanos-alice-radu-sagunt-valencia-300x200.jpg 300w, https:\/\/abogadalaviniaalice.com\/wp-content\/uploads\/2022\/10\/tramites-ciudadanos-rumanos-alice-radu-sagunt-valencia-768x512.jpg 768w, https:\/\/abogadalaviniaalice.com\/wp-content\/uploads\/2022\/10\/tramites-ciudadanos-rumanos-alice-radu-sagunt-valencia-18x12.jpg 18w\" sizes=\"auto, (max-width: 750px) 100vw, 750px\" \/><\/div>\n\t\t<\/figure>\n\t<\/div>\n\n\t<div class=\"wpb_text_column wpb_content_element\" >\n\t\t<div class=\"wpb_wrapper\">\n\t\t\t<h5 class=\" translation-block\"><span id=\"page3R_mcid15\" class=\"markedContent\"><span dir=\"ltr\" role=\"presentation\"><span id=\"page3R_mcid12\" class=\"markedContent\">\u27a2 <\/span><\/span><\/span><span id=\"page3R_mcid11\" class=\"markedContent\"><\/span><span id=\"page3R_mcid15\" class=\"markedContent\"><span dir=\"ltr\" role=\"presentation\"><span id=\"page3R_mcid11\" class=\"markedContent\"> Dosare de <strong>PENSIE,<\/strong> \u00een baza<strong> Regulamentelor Europene <\/strong> <span id=\"page3R_mcid12\" class=\"markedContent\"><br role=\"presentation\">\u27a2 Omologarea studiilor absolvite \u00een str\u0103in\u0103tate <\/span><span id=\"page3R_mcid13\" class=\"markedContent\"><br role=\"presentation\">\u27a2  Recursuri \u0219i reclama\u021bii administrative<\/span><span id=\"page3R_mcid14\" class=\"markedContent\"><br role=\"presentation\">\u27a2 Declara\u021bia anuala pe venit <strong>(RENTA)<\/strong><\/span><br role=\"presentation\">\u27a2 Proceduri administrative \u0219i reclama\u021bii \u00een Instan\u021b\u0103 \u00eempotriva Institu\u021biilor Publice <\/span><\/h5>\n\n\t\t<\/div>\n\t<\/div>\n<\/div><\/div><\/div><div class=\"wpb_column vc_column_container vc_col-sm-4 vc_col-has-fill\"><div class=\"vc_column-inner vc_custom_1664963261262\"><div class=\"wpb_wrapper\">\n\t<div class=\"wpb_text_column wpb_content_element\" >\n\t\t<div class=\"wpb_wrapper\">\n\t\t\t<h5 style=\"text-align: center; font-weight: 800;\">DREPT CIVIL<\/h5>\n\n\t\t<\/div>\n\t<\/div>\n\n\t<div  class=\"wpb_single_image wpb_content_element vc_align_left\">\n\t\t\n\t\t<figure class=\"wpb_wrapper vc_figure\">\n\t\t\t<div class=\"vc_single_image-wrapper   vc_box_border_grey\"><img loading=\"lazy\" decoding=\"async\" width=\"900\" height=\"600\" src=\"https:\/\/abogadalaviniaalice.com\/wp-content\/uploads\/2022\/10\/derecho-civil-abogada-alice-radu-sagunt-valencia.jpg\" class=\"vc_single_image-img attachment-full\" alt=\"\" srcset=\"https:\/\/abogadalaviniaalice.com\/wp-content\/uploads\/2022\/10\/derecho-civil-abogada-alice-radu-sagunt-valencia.jpg 900w, https:\/\/abogadalaviniaalice.com\/wp-content\/uploads\/2022\/10\/derecho-civil-abogada-alice-radu-sagunt-valencia-300x200.jpg 300w, https:\/\/abogadalaviniaalice.com\/wp-content\/uploads\/2022\/10\/derecho-civil-abogada-alice-radu-sagunt-valencia-768x512.jpg 768w, https:\/\/abogadalaviniaalice.com\/wp-content\/uploads\/2022\/10\/derecho-civil-abogada-alice-radu-sagunt-valencia-18x12.jpg 18w\" sizes=\"auto, (max-width: 900px) 100vw, 900px\" \/><\/div>\n\t\t<\/figure>\n\t<\/div>\n\n\t<div class=\"wpb_text_column wpb_content_element\" >\n\t\t<div class=\"wpb_wrapper\">\n\t\t\t<h5 class=\" translation-block\"><span id=\"page3R_mcid15\" class=\"markedContent\"><span dir=\"ltr\" role=\"presentation\"><span id=\"page3R_mcid12\" class=\"markedContent\">\u27a2 <\/span><\/span><\/span><span id=\"page3R_mcid11\" class=\"markedContent\"><\/span><span id=\"page3R_mcid15\" class=\"markedContent\"><span dir=\"ltr\" role=\"presentation\"><span id=\"page3R_mcid11\" class=\"markedContent\"><\/span><span id=\"page3R_mcid17\" class=\"markedContent\"><strong>DIVOR\u0162URI<\/strong>, custodie \u0219i drepturi paternale asupra copiilor, regim matrimonial, acorduri matrimoniale...<\/span><span id=\"page3R_mcid18\" class=\"markedContent\"><br role=\"presentation\">\u27a2 Accidente \u0219i Responsabilitate civil\u0103 contractual\u0103 sau extra contractual\u0103, desp\u0103gubiri...<\/span><span id=\"page3R_mcid19\" class=\"markedContent\"><br role=\"presentation\">\u27a2 \u00centocmire \u0219i negociere de contracte: \u00eenchiriere, v\u00e2nzare \u2013 cump\u0103rare... <\/span><span id=\"page3R_mcid20\" class=\"markedContent\"><br role=\"presentation\">\u27a2  Ipoteci, reclamare de cheltuieli de \u00eentocmire a ipotecilor, clauze abuzive... <\/span><span id=\"page3R_mcid21\" class=\"markedContent\"><br role=\"presentation\">\n<\/span><\/span><\/h5>\n\n\t\t<\/div>\n\t<\/div>\n<\/div><\/div><\/div><\/div><div class=\"vc_row wpb_row vc_row-fluid\"><div class=\"wpb_column vc_column_container vc_col-sm-12\"><div class=\"vc_column-inner\"><div class=\"wpb_wrapper\"><div class=\"vc_empty_space\"   style=\"height: 15px\"><span class=\"vc_empty_space_inner\"><\/span><\/div><div class=\"vc_separator wpb_content_element vc_separator_align_center vc_sep_width_70 vc_sep_shadow vc_sep_border_width_7 vc_sep_pos_align_center vc_separator_no_text vc_sep_color_mulled_wine\" ><span class=\"vc_sep_holder vc_sep_holder_l\"><span  class=\"vc_sep_line\"><\/span><\/span><span class=\"vc_sep_holder vc_sep_holder_r\"><span  class=\"vc_sep_line\"><\/span><\/span>\n<\/div><div class=\"vc_empty_space\"   style=\"height: 15px\"><span class=\"vc_empty_space_inner\"><\/span><\/div><\/div><\/div><\/div><\/div><div class=\"vc_row wpb_row vc_row-fluid vc_row-o-equal-height vc_row-flex\"><div class=\"wpb_column vc_column_container vc_col-sm-4 vc_col-has-fill\"><div class=\"vc_column-inner vc_custom_1664962895544\"><div class=\"wpb_wrapper\">\n\t<div class=\"wpb_text_column wpb_content_element\" >\n\t\t<div class=\"wpb_wrapper\">\n\t\t\t<h5 style=\"text-align: center; font-weight: 800;\">DREPTUL MUNCII<\/h5>\n\n\t\t<\/div>\n\t<\/div>\n\n\t<div  class=\"wpb_single_image wpb_content_element vc_align_left\">\n\t\t\n\t\t<figure class=\"wpb_wrapper vc_figure\">\n\t\t\t<div class=\"vc_single_image-wrapper   vc_box_border_grey\"><img loading=\"lazy\" decoding=\"async\" width=\"900\" height=\"600\" src=\"https:\/\/abogadalaviniaalice.com\/wp-content\/uploads\/2022\/10\/extranjeria-abogada-alice-radu-sagunt-valencia.jpg\" class=\"vc_single_image-img attachment-full\" alt=\"\" srcset=\"https:\/\/abogadalaviniaalice.com\/wp-content\/uploads\/2022\/10\/extranjeria-abogada-alice-radu-sagunt-valencia.jpg 900w, https:\/\/abogadalaviniaalice.com\/wp-content\/uploads\/2022\/10\/extranjeria-abogada-alice-radu-sagunt-valencia-300x200.jpg 300w, https:\/\/abogadalaviniaalice.com\/wp-content\/uploads\/2022\/10\/extranjeria-abogada-alice-radu-sagunt-valencia-768x512.jpg 768w, https:\/\/abogadalaviniaalice.com\/wp-content\/uploads\/2022\/10\/extranjeria-abogada-alice-radu-sagunt-valencia-18x12.jpg 18w\" sizes=\"auto, (max-width: 900px) 100vw, 900px\" \/><\/div>\n\t\t<\/figure>\n\t<\/div>\n\n\t<div class=\"wpb_text_column wpb_content_element\" >\n\t\t<div class=\"wpb_wrapper\">\n\t\t\t<h5 class=\" translation-block\"><span style=\"color: #000000\"><span id=\"page3R_mcid3\" class=\"markedContent\"><span dir=\"ltr\" role=\"presentation\">\u27a2 <\/span><\/span><span id=\"page3R_mcid23\" class=\"markedContent\"><span dir=\"ltr\" role=\"presentation\">Concedieri<\/span><\/span><span id=\"page3R_mcid24\" class=\"markedContent\"><br role=\"presentation\"><span dir=\"ltr\" role=\"presentation\">\u27a2<\/span> <span dir=\"ltr\" role=\"presentation\">Acorduri   <strong>SMAC<\/strong><\/span><\/span><span id=\"page3R_mcid25\" class=\"markedContent\"><br role=\"presentation\"><span dir=\"ltr\" role=\"presentation\">\u27a2<\/span> <span dir=\"ltr\" role=\"presentation\">Reclama\u021bii \u00een materie salarial\u0103<\/span><\/span><span id=\"page3R_mcid26\" class=\"markedContent\"><br role=\"presentation\"><span dir=\"ltr\" role=\"presentation\">\u27a2<\/span> <span dir=\"ltr\" role=\"presentation\">Dosare de Incapacitate <\/span><\/h5>\n\n\t\t<\/div>\n\t<\/div>\n<\/div><\/div><\/div><div class=\"wpb_column vc_column_container vc_col-sm-4 vc_col-has-fill\"><div class=\"vc_column-inner vc_custom_1664963111767\"><div class=\"wpb_wrapper\">\n\t<div class=\"wpb_text_column wpb_content_element\" >\n\t\t<div class=\"wpb_wrapper\">\n\t\t\t<h5 style=\"text-align: center; font-weight: 800;\">DREPT PENAL<\/h5>\n\n\t\t<\/div>\n\t<\/div>\n\n\t<div  class=\"wpb_single_image wpb_content_element vc_align_left\">\n\t\t\n\t\t<figure class=\"wpb_wrapper vc_figure\">\n\t\t\t<div class=\"vc_single_image-wrapper   vc_box_border_grey\"><img loading=\"lazy\" decoding=\"async\" width=\"900\" height=\"600\" src=\"https:\/\/abogadalaviniaalice.com\/wp-content\/uploads\/2022\/10\/derecho-penal-abogada-alice-radu-sagunt-valencia-3.jpg\" class=\"vc_single_image-img attachment-full\" alt=\"\" srcset=\"https:\/\/abogadalaviniaalice.com\/wp-content\/uploads\/2022\/10\/derecho-penal-abogada-alice-radu-sagunt-valencia-3.jpg 900w, https:\/\/abogadalaviniaalice.com\/wp-content\/uploads\/2022\/10\/derecho-penal-abogada-alice-radu-sagunt-valencia-3-300x200.jpg 300w, https:\/\/abogadalaviniaalice.com\/wp-content\/uploads\/2022\/10\/derecho-penal-abogada-alice-radu-sagunt-valencia-3-768x512.jpg 768w, https:\/\/abogadalaviniaalice.com\/wp-content\/uploads\/2022\/10\/derecho-penal-abogada-alice-radu-sagunt-valencia-3-18x12.jpg 18w\" sizes=\"auto, (max-width: 900px) 100vw, 900px\" \/><\/div>\n\t\t<\/figure>\n\t<\/div>\n\n\t<div class=\"wpb_text_column wpb_content_element\" >\n\t\t<div class=\"wpb_wrapper\">\n\t\t\t<h5 class=\" translation-block\"><span id=\"page3R_mcid11\" class=\"markedContent\"><\/span><span id=\"page3R_mcid15\" class=\"markedContent\"><span dir=\"ltr\" role=\"presentation\"><span id=\"page3R_mcid28\" class=\"markedContent\">\u27a2 <span> <strong>Procese penale, <\/strong> asisten\u021b\u0103 \u00een Instan\u021b\u0103<\/span><span id=\"page3R_mcid29\" class=\"markedContent\"><br role=\"presentation\">\u27a2Asisten\u0163\u0103 la Poli\u0163ie, Garda Civil \u0219i Judec\u0103torie <\/span><span id=\"page3R_mcid30\" class=\"markedContent\"><br role=\"presentation\">\u27a2  <span> <strong>Cazier <\/strong>de antecedente penale <\/span><span id=\"page3R_mcid31\" class=\"markedContent\"><br role=\"presentation\"><\/span><br>\n<\/span><\/span><\/h5>\n\n\t\t<\/div>\n\t<\/div>\n<\/div><\/div><\/div><div class=\"wpb_column vc_column_container vc_col-sm-4 vc_col-has-fill\"><div class=\"vc_column-inner vc_custom_1664963261262\"><div class=\"wpb_wrapper\">\n\t<div class=\"wpb_text_column wpb_content_element\" >\n\t\t<div class=\"wpb_wrapper\">\n\t\t\t<h5 style=\"text-align: center; font-weight: 800;\">GESTIUNI exclusive pentru CET\u0102\u0162ENII ROM\u0202NI<\/h5>\n\n\t\t<\/div>\n\t<\/div>\n\n\t<div  class=\"wpb_single_image wpb_content_element vc_align_left\">\n\t\t\n\t\t<figure class=\"wpb_wrapper vc_figure\">\n\t\t\t<div class=\"vc_single_image-wrapper   vc_box_border_grey\"><img loading=\"lazy\" decoding=\"async\" width=\"900\" height=\"600\" src=\"https:\/\/abogadalaviniaalice.com\/wp-content\/uploads\/2022\/10\/derecho-administrativo-abogada-alice-radu-sagunt-valencia.jpg\" class=\"vc_single_image-img attachment-full\" alt=\"\" srcset=\"https:\/\/abogadalaviniaalice.com\/wp-content\/uploads\/2022\/10\/derecho-administrativo-abogada-alice-radu-sagunt-valencia.jpg 900w, https:\/\/abogadalaviniaalice.com\/wp-content\/uploads\/2022\/10\/derecho-administrativo-abogada-alice-radu-sagunt-valencia-300x200.jpg 300w, https:\/\/abogadalaviniaalice.com\/wp-content\/uploads\/2022\/10\/derecho-administrativo-abogada-alice-radu-sagunt-valencia-768x512.jpg 768w, https:\/\/abogadalaviniaalice.com\/wp-content\/uploads\/2022\/10\/derecho-administrativo-abogada-alice-radu-sagunt-valencia-18x12.jpg 18w\" sizes=\"auto, (max-width: 900px) 100vw, 900px\" \/><\/div>\n\t\t<\/figure>\n\t<\/div>\n\n\t<div class=\"wpb_text_column wpb_content_element\" >\n\t\t<div class=\"wpb_wrapper\">\n\t\t\t<h5 class=\" translation-block\"><span id=\"page3R_mcid33\" class=\"markedContent\"><span dir=\"ltr\" role=\"presentation\">\u27a2 Gestiuni \u0219i asisten\u0163\u0103 pentru <span> <strong>demersuri consulare: program\u0103ri la Consulatul Rom\u00e2niei, \u00een Castell\u00f3n<\/span> <\/strong><br>\n\u27a2Dosare de <\/span> <strong>C\u0102S\u0102TORIE<\/span><\/strong> (at\u00e2t la Consulat, c\u0203t \u0219i la Registrele Civile Spaniole)<br>\n\u27a2 Traduceri<\/span> <span dir=\"ltr\" role=\"presentation\">juridice autorizate (at\u00e2t pentru Consulat, c\u00e2t \u0219i pentru Institu\u021biile publice spaniole)<\/span><\/span><span id=\"page23R_mcid1\" class=\"markedContent\"><br role=\"presentation\"><span dir=\"ltr\" role=\"presentation\">\u27a2<\/span> <strong><span dir=\"ltr\" role=\"presentation\">APOSTILA de la HAGA <\/span><\/strong> <span id=\"page23R_mcid2\" class=\"markedContent\"><br role=\"presentation\"><span dir=\"ltr\" role=\"presentation\">\u27a2<\/span> <span dir=\"ltr\" role=\"presentation\">Servicii juridice<\/span><span dir=\"ltr\" role=\"presentation\"><\/span> <span dir=\"ltr\" role=\"presentation\">in Rom\u0203nia<\/span><span dir=\"ltr\" role=\"presentation\">:<\/span> <span dir=\"ltr\" role=\"presentation\">judiciare si extrajudiciare<\/span><\/span><span id=\"page23R_mcid3\" class=\"markedContent\"><br role=\"presentation\"><span dir=\"ltr\" role=\"presentation\">\u27a2<\/span> <span dir=\"ltr\" role=\"presentation\">Recunoa\u0219terea sentin\u021belor \u0219i rezolu\u021biilor dictate de Tribunalele spaniole, \u00een Rom\u0203nia <\/span><span id=\"page23R_mcid4\" class=\"markedContent\"><br role=\"presentation\"><span dir=\"ltr\" role=\"presentation\">\u27a2<\/span> <strong><span dir=\"ltr\" role=\"presentation\">DIVOR\u0162URI,<\/span><\/strong> at\u00e2t \u00een Instan\u021ba, \u00een Tribunale din Spania, c\u0203t \u0219i \u00een Instan\u021ba, \u00een Rom\u0203nia, (fara a va deplasa dvs. in Rom\u0203nia) <\/span><\/h5>\n\n\t\t<\/div>\n\t<\/div>\n<\/div><\/div><\/div><\/div><div class=\"vc_row wpb_row vc_row-fluid\"><div class=\"wpb_column vc_column_container vc_col-sm-12\"><div class=\"vc_column-inner\"><div class=\"wpb_wrapper\"><div class=\"vc_empty_space\"   style=\"height: 32px\"><span class=\"vc_empty_space_inner\"><\/span><\/div><\/div><\/div><\/div><\/div><div class=\"vc_row wpb_row vc_row-fluid\"><div class=\"wpb_column vc_column_container vc_col-sm-12\"><div class=\"vc_column-inner\"><div class=\"wpb_wrapper\">\n\t<div class=\"wpb_text_column wpb_content_element\" >\n\t\t<div class=\"wpb_wrapper\">\n\t\t\t<h4 style=\"text-align: center;\" class=\" translation-block\"><span id=\"page23R_mcid6\" class=\"markedContent\"><span dir=\"ltr\" role=\"presentation\">\u00cen afara serviciilor juridice mai sus descrise, la biroul nostru ve\u021bi g\u0103si, de asemenea, servicii de <\/span><strong> <span dir=\"ltr\" role=\"presentation\">TRADUCERE, \u00ceN DIFERITE LIMBI, <\/span><\/strong> <span dir=\"ltr\" role=\"presentation\">precum ar fi: Rom\u0203na, Franceza, Engleza, Greaca, etc. <\/span><\/span><\/h4>\n\n\t\t<\/div>\n\t<\/div>\n<\/div><\/div><\/div><\/div><div class=\"vc_row wpb_row vc_row-fluid\"><div class=\"wpb_column vc_column_container vc_col-sm-12\"><div class=\"vc_column-inner\"><div class=\"wpb_wrapper\"><div class=\"vc_empty_space\"   style=\"height: 32px\"><span class=\"vc_empty_space_inner\"><\/span><\/div><\/div><\/div><\/div><\/div>","protected":false},"excerpt":{"rendered":"ESCOGE DE NUESTRA GRAN VARIEDAD DE SERVICIOS Este despacho profesional ofrece servicios en diversas ramas del Derecho: EXTRANJER\u00cdA \u27a2 Expedientes de NACIONALIDAD espa\u00f1ola por residencia \u27a2 Certificado de Registro de Ciudadanos de la UE \u27a2 Obtenci\u00f3n NIE para inversiones \u27a2 Expedientes de matrimonio y parejas de hecho \u27a2 Permisos de residencia y trabajo \u27a2 Arraigo [...]","protected":false},"author":1,"featured_media":454,"parent":0,"menu_order":0,"comment_status":"closed","ping_status":"closed","template":"","meta":{"footnotes":""},"class_list":["post-116","page","type-page","status-publish","has-post-thumbnail","hentry"],"yoast_head":"<!-- This site is optimized with the Yoast SEO plugin v19.13 - https:\/\/yoast.com\/wordpress\/plugins\/seo\/ -->\n<title>SERVICIOS Abogado-Avocat Alice Radu | Sagunto - Valencia<\/title>\n<meta name=\"description\" content=\"EXTRANJER\u00cdA | DERECHO ADMINISTRATIVO | DERECHO CIVIL | DERECHO LABORAL | DERECHO PENAL | TR\u00c1MITES para ciudadanos RUMANOS | TRADUCCI\u00d3N\" \/>\n<meta name=\"robots\" content=\"index, follow, max-snippet:-1, max-image-preview:large, max-video-preview:-1\" \/>\n<link rel=\"canonical\" href=\"https:\/\/abogadalaviniaalice.com\/ro\/servicios\/\" \/>\n<meta property=\"og:locale\" content=\"ro_RO\" \/>\n<meta property=\"og:type\" content=\"article\" \/>\n<meta property=\"og:title\" content=\"SERVICIOS Abogado-Avocat Alice Radu | Sagunto - Valencia\" \/>\n<meta property=\"og:description\" content=\"EXTRANJER\u00cdA | DERECHO ADMINISTRATIVO | DERECHO CIVIL | DERECHO LABORAL | DERECHO PENAL | TR\u00c1MITES para ciudadanos RUMANOS | TRADUCCI\u00d3N\" \/>\n<meta property=\"og:url\" content=\"https:\/\/abogadalaviniaalice.com\/ro\/servicios\/\" \/>\n<meta property=\"og:site_name\" content=\"Abogada - Avocat -Lavinia Alice Radu M\" \/>\n<meta property=\"article:modified_time\" content=\"2022-10-24T13:49:06+00:00\" \/>\n<meta property=\"og:image\" content=\"https:\/\/abogadalaviniaalice.com\/wp-content\/uploads\/2022\/10\/abogada-avocat-lavinia-alice-radu-sagunto-redes.jpg\" \/>\n\t<meta property=\"og:image:width\" content=\"1200\" \/>\n\t<meta property=\"og:image:height\" content=\"630\" \/>\n\t<meta property=\"og:image:type\" content=\"image\/jpeg\" \/>\n<meta name=\"twitter:card\" content=\"summary_large_image\" \/>\n<meta name=\"twitter:label1\" content=\"Timp estimat pentru citire\" \/>\n\t<meta name=\"twitter:data1\" content=\"2 minute\" \/>\n<script type=\"application\/ld+json\" class=\"yoast-schema-graph\">{\"@context\":\"https:\/\/schema.org\",\"@graph\":[{\"@type\":\"WebPage\",\"@id\":\"https:\/\/abogadalaviniaalice.com\/servicios\/\",\"url\":\"https:\/\/abogadalaviniaalice.com\/servicios\/\",\"name\":\"SERVICIOS Abogado-Avocat Alice Radu | Sagunto - Valencia\",\"isPartOf\":{\"@id\":\"https:\/\/abogadalaviniaalice.com\/#website\"},\"datePublished\":\"2022-10-04T17:11:32+00:00\",\"dateModified\":\"2022-10-24T13:49:06+00:00\",\"description\":\"EXTRANJER\u00cdA | DERECHO ADMINISTRATIVO | DERECHO CIVIL | DERECHO LABORAL | DERECHO PENAL | TR\u00c1MITES para ciudadanos RUMANOS | TRADUCCI\u00d3N\",\"breadcrumb\":{\"@id\":\"https:\/\/abogadalaviniaalice.com\/servicios\/#breadcrumb\"},\"inLanguage\":\"ro-RO\",\"potentialAction\":[{\"@type\":\"ReadAction\",\"target\":[\"https:\/\/abogadalaviniaalice.com\/servicios\/\"]}]},{\"@type\":\"BreadcrumbList\",\"@id\":\"https:\/\/abogadalaviniaalice.com\/servicios\/#breadcrumb\",\"itemListElement\":[{\"@type\":\"ListItem\",\"position\":1,\"name\":\"Portada\",\"item\":\"https:\/\/abogadalaviniaalice.com\/\"},{\"@type\":\"ListItem\",\"position\":2,\"name\":\"Servicios\"}]},{\"@type\":\"WebSite\",\"@id\":\"https:\/\/abogadalaviniaalice.com\/#website\",\"url\":\"https:\/\/abogadalaviniaalice.com\/\",\"name\":\"Abogada - Avocat -Lavinia Alice Radu M\",\"description\":\"\",\"potentialAction\":[{\"@type\":\"SearchAction\",\"target\":{\"@type\":\"EntryPoint\",\"urlTemplate\":\"https:\/\/abogadalaviniaalice.com\/?s={search_term_string}\"},\"query-input\":\"required name=search_term_string\"}],\"inLanguage\":\"ro-RO\"}]}<\/script>\n<!-- \/ Yoast SEO plugin. -->","yoast_head_json":{"title":"SERVICIOS Abogado-Avocat Alice Radu | Sagunto - Valencia","description":"EXTRANJER\u00cdA | DERECHO ADMINISTRATIVO | DERECHO CIVIL | DERECHO LABORAL | DERECHO PENAL | TR\u00c1MITES para ciudadanos RUMANOS | TRADUCCI\u00d3N","robots":{"index":"index","follow":"follow","max-snippet":"max-snippet:-1","max-image-preview":"max-image-preview:large","max-video-preview":"max-video-preview:-1"},"canonical":"https:\/\/abogadalaviniaalice.com\/ro\/servicios\/","og_locale":"ro_RO","og_type":"article","og_title":"SERVICIOS Abogado-Avocat Alice Radu | Sagunto - Valencia","og_description":"EXTRANJER\u00cdA | DERECHO ADMINISTRATIVO | DERECHO CIVIL | DERECHO LABORAL | DERECHO PENAL | TR\u00c1MITES para ciudadanos RUMANOS | TRADUCCI\u00d3N","og_url":"https:\/\/abogadalaviniaalice.com\/ro\/servicios\/","og_site_name":"Abogada - Avocat -Lavinia Alice Radu M","article_modified_time":"2022-10-24T13:49:06+00:00","og_image":[{"width":1200,"height":630,"url":"https:\/\/abogadalaviniaalice.com\/wp-content\/uploads\/2022\/10\/abogada-avocat-lavinia-alice-radu-sagunto-redes.jpg","type":"image\/jpeg"}],"twitter_card":"summary_large_image","twitter_misc":{"Timp estimat pentru citire":"2 minute"},"schema":{"@context":"https:\/\/schema.org","@graph":[{"@type":"WebPage","@id":"https:\/\/abogadalaviniaalice.com\/servicios\/","url":"https:\/\/abogadalaviniaalice.com\/servicios\/","name":"SERVICIOS Abogado-Avocat Alice Radu | Sagunto - Valencia","isPartOf":{"@id":"https:\/\/abogadalaviniaalice.com\/#website"},"datePublished":"2022-10-04T17:11:32+00:00","dateModified":"2022-10-24T13:49:06+00:00","description":"EXTRANJER\u00cdA | DERECHO ADMINISTRATIVO | DERECHO CIVIL | DERECHO LABORAL | DERECHO PENAL | TR\u00c1MITES para ciudadanos RUMANOS | TRADUCCI\u00d3N","breadcrumb":{"@id":"https:\/\/abogadalaviniaalice.com\/servicios\/#breadcrumb"},"inLanguage":"ro-RO","potentialAction":[{"@type":"ReadAction","target":["https:\/\/abogadalaviniaalice.com\/servicios\/"]}]},{"@type":"BreadcrumbList","@id":"https:\/\/abogadalaviniaalice.com\/servicios\/#breadcrumb","itemListElement":[{"@type":"ListItem","position":1,"name":"Portada","item":"https:\/\/abogadalaviniaalice.com\/"},{"@type":"ListItem","position":2,"name":"Servicios"}]},{"@type":"WebSite","@id":"https:\/\/abogadalaviniaalice.com\/#website","url":"https:\/\/abogadalaviniaalice.com\/","name":"Abogada - Avocat -Lavinia Alice Radu M","description":"","potentialAction":[{"@type":"SearchAction","target":{"@type":"EntryPoint","urlTemplate":"https:\/\/abogadalaviniaalice.com\/?s={search_term_string}"},"query-input":"required name=search_term_string"}],"inLanguage":"ro-RO"}]}},"_links":{"self":[{"href":"https:\/\/abogadalaviniaalice.com\/ro\/wp-json\/wp\/v2\/pages\/116","targetHints":{"allow":["GET"]}}],"collection":[{"href":"https:\/\/abogadalaviniaalice.com\/ro\/wp-json\/wp\/v2\/pages"}],"about":[{"href":"https:\/\/abogadalaviniaalice.com\/ro\/wp-json\/wp\/v2\/types\/page"}],"author":[{"embeddable":true,"href":"https:\/\/abogadalaviniaalice.com\/ro\/wp-json\/wp\/v2\/users\/1"}],"replies":[{"embeddable":true,"href":"https:\/\/abogadalaviniaalice.com\/ro\/wp-json\/wp\/v2\/comments?post=116"}],"version-history":[{"count":26,"href":"https:\/\/abogadalaviniaalice.com\/ro\/wp-json\/wp\/v2\/pages\/116\/revisions"}],"predecessor-version":[{"id":491,"href":"https:\/\/abogadalaviniaalice.com\/ro\/wp-json\/wp\/v2\/pages\/116\/revisions\/491"}],"wp:featuredmedia":[{"embeddable":true,"href":"https:\/\/abogadalaviniaalice.com\/ro\/wp-json\/wp\/v2\/media\/454"}],"wp:attachment":[{"href":"https:\/\/abogadalaviniaalice.com\/ro\/wp-json\/wp\/v2\/media?parent=116"}],"curies":[{"name":"wp","href":"https:\/\/api.w.org\/{rel}","templated":true}]}}